{"id":12668,"date":"2025-12-19T10:03:40","date_gmt":"2025-12-19T13:03:40","guid":{"rendered":"https:\/\/ruslat.com.br\/?page_id=12668"},"modified":"2025-12-19T10:09:44","modified_gmt":"2025-12-19T13:09:44","slug":"analises","status":"publish","type":"page","link":"https:\/\/ruslat.com.br\/index.php\/analises\/","title":{"rendered":"An\u00e1lises"},"content":{"rendered":"\t\t<div data-elementor-type=\"wp-page\" data-elementor-id=\"12668\" class=\"elementor elementor-12668\" data-elementor-post-type=\"page\">\n\t\t\t\t<div data-particle_enable=\"false\" data-particle-mobile-disabled=\"false\" class=\"elementor-element elementor-element-3e022049 e-flex e-con-boxed e-con e-parent\" data-id=\"3e022049\" data-element_type=\"container\">\n\t\t\t\t\t<div class=\"e-con-inner\">\n\t\t\t\t<div class=\"elementor-element elementor-element-224471cf elementor-widget elementor-widget-text-editor\" data-id=\"224471cf\" data-element_type=\"widget\" data-widget_type=\"text-editor.default\">\n\t\t\t\t<div class=\"elementor-widget-container\">\n\t\t\t\t\t\t\t\t\t<p>Busque an\u00e1lises do RUSLAT e aplique filtros por pa\u00eds.<\/p>\t\t\t\t\t\t\t\t<\/div>\n\t\t\t\t<\/div>\n\t\t\t\t<div class=\"elementor-element elementor-element-37bade1d elementor-widget elementor-widget-uael-posts\" data-id=\"37bade1d\" data-element_type=\"widget\" data-settings=\"{&quot;classic_slides_to_show&quot;:1,&quot;classic_show_filters&quot;:&quot;yes&quot;,&quot;classic_slides_to_show_tablet&quot;:2,&quot;classic_slides_to_show_mobile&quot;:1}\" data-widget_type=\"uael-posts.classic\">\n\t\t\t\t<div class=\"elementor-widget-container\">\n\t\t\t\t\t\t\t<div class=\"uael-post__header\">\n\t\t\t\t\t<div class=\"uael-post__header-filters-wrap\">\n\t\t\t<ul class=\"uael-post__header-filters\" aria-label=\"Taxonomy Filter\">\n\t\t\t\t<li class=\"uael-post__header-filter uael-filter__current\" data-filter=\"*\">Todos<\/li>\n\t\t\t\t\t\t\t\t<li class=\"uael-post__header-filter\" data-filter=\".russia-argentina\" tabindex=\"0\">R\u00fassia-Argentina<\/li>\n\t\t\t\t\t\t\t\t<li class=\"uael-post__header-filter\" data-filter=\".russia-bolivia\" tabindex=\"0\">R\u00fassia-Bol\u00edvia<\/li>\n\t\t\t\t\t\t\t\t<li class=\"uael-post__header-filter\" data-filter=\".russia-brasil\" tabindex=\"0\">R\u00fassia-Brasil<\/li>\n\t\t\t\t\t\t\t\t<li class=\"uael-post__header-filter\" data-filter=\".russia-chile\" tabindex=\"0\">R\u00fassia-Chile<\/li>\n\t\t\t\t\t\t\t\t<li class=\"uael-post__header-filter\" data-filter=\".russia-colombia\" tabindex=\"0\">R\u00fassia-Col\u00f4mbia<\/li>\n\t\t\t\t\t\t\t\t<li class=\"uael-post__header-filter\" data-filter=\".russia-mexico\" tabindex=\"0\">R\u00fassia-M\u00e9xico<\/li>\n\t\t\t\t\t\t\t\t<li class=\"uael-post__header-filter\" data-filter=\".russia-paraguai\" tabindex=\"0\">R\u00fassia-Paraguai<\/li>\n\t\t\t\t\t\t\t\t<li class=\"uael-post__header-filter\" data-filter=\".russia-venezuela\" tabindex=\"0\">R\u00fassia-Venezuela<\/li>\n\t\t\t\t\t\t\t<\/ul>\n\n\t\t\t\t\t<\/div>\n\t\t\t\t<\/div>\n\t\t<div class=\"uael-post__body\">\n\t\t\t\n\t\t\n\t\t<div class=\"uael-blog-terms-position- uael-post-image-top uael-post-grid uael-posts\" data-query-type=\"custom\" data-structure=\"normal\" data-layout=\"\" data-page=\"12668\" data-skin=\"classic\" data-filter-default=\"Todos\" data-offset-top=\"30\" >\n\n\t\t\t\t\t\t\t<div class=\"uael-post-grid__inner uael-post__columns-1 uael-post__columns-tablet-2 uael-post__columns-mobile-1\">\n\t\t\t\n<div class=\"uael-post-wrapper russia-venezuela  an\u00e1lises rela\u00e7\u00f5es-em-defesa-e-seguran\u00e7a-internacional \">\n\t<div class=\"uael-post__bg-wrap uael-bg-wrap-disabled \">\n\n\t\t\t\t\n\t\t<div class=\"uael-post__inner-wrap uael-inner-wrap-disabled\">\n\n\t\t\n\t\t\t\n\t\t\t<div class=\"uael-post__content-wrap uael-content-wrap-disabled\">\n\t\t\t\t\t<h3 class=\"uael-post__title\">\n\n\t\t\n\t\t\t\t\t\t<a href=\"https:\/\/ruslat.com.br\/index.php\/2026\/analises\/sintese-analitica-russia-venezuela-2\/\" target=\"_self\">\n\t\t\t\tS\u00edntese anal\u00edtica &#8211; Dimens\u00e3o Defesa e Seguran\u00e7a Internacional: R\u00fassia-Venezuela\t\t\t<\/a>\n\n\t\t\t\t<\/h3>\n\t\t\t\t\t<div class=\"uael-post__meta-data\">\n\t\t\t\t\t<span class=\"uael-post__date\">\n\t\t\t\t\t\t\t\t\t\t\t\t\t<svg aria-hidden=\"true\" class=\"e-font-icon-svg e-fa-calendar\" viewBox=\"0 0 448 512\" xmlns=\"http:\/\/www.w3.org\/2000\/svg\"><path d=\"M12 192h424c6.6 0 12 5.4 12 12v260c0 26.5-21.5 48-48 48H48c-26.5 0-48-21.5-48-48V204c0-6.6 5.4-12 12-12zm436-44v-36c0-26.5-21.5-48-48-48h-48V12c0-6.6-5.4-12-12-12h-40c-6.6 0-12 5.4-12 12v52H160V12c0-6.6-5.4-12-12-12h-40c-6.6 0-12 5.4-12 12v52H48C21.5 64 0 85.5 0 112v36c0 6.6 5.4 12 12 12h424c6.6 0 12-5.4 12-12z\"><\/path><\/svg>\t\t\t\t\t\t\t\t\t\n\t\t\t1 de mar\u00e7o de 2026\t\t<\/span>\n\t\t\t\t<\/div>\n\t\t\t\t\t<\/div>\n\t\t\t\n\t\t<\/div>\n\t\t\n\t<\/div>\n\n<\/div>\n\n<div class=\"uael-post-wrapper russia-mexico  an\u00e1lises rela\u00e7\u00f5es-em-defesa-e-seguran\u00e7a-internacional \">\n\t<div class=\"uael-post__bg-wrap uael-bg-wrap-disabled \">\n\n\t\t\t\t\n\t\t<div class=\"uael-post__inner-wrap uael-inner-wrap-disabled\">\n\n\t\t\n\t\t\t\n\t\t\t<div class=\"uael-post__content-wrap uael-content-wrap-disabled\">\n\t\t\t\t\t<h3 class=\"uael-post__title\">\n\n\t\t\n\t\t\t\t\t\t<a href=\"https:\/\/ruslat.com.br\/index.php\/2026\/analises\/sintese-analitica-russia-mexico-2\/\" target=\"_self\">\n\t\t\t\tS\u00edntese anal\u00edtica &#8211; Dimens\u00e3o Defesa e Seguran\u00e7a Internacional: R\u00fassia-M\u00e9xico\t\t\t<\/a>\n\n\t\t\t\t<\/h3>\n\t\t\t\t\t<div class=\"uael-post__meta-data\">\n\t\t\t\t\t<span class=\"uael-post__date\">\n\t\t\t\t\t\t\t\t\t\t\t\t\t<svg aria-hidden=\"true\" class=\"e-font-icon-svg e-fa-calendar\" viewBox=\"0 0 448 512\" xmlns=\"http:\/\/www.w3.org\/2000\/svg\"><path d=\"M12 192h424c6.6 0 12 5.4 12 12v260c0 26.5-21.5 48-48 48H48c-26.5 0-48-21.5-48-48V204c0-6.6 5.4-12 12-12zm436-44v-36c0-26.5-21.5-48-48-48h-48V12c0-6.6-5.4-12-12-12h-40c-6.6 0-12 5.4-12 12v52H160V12c0-6.6-5.4-12-12-12h-40c-6.6 0-12 5.4-12 12v52H48C21.5 64 0 85.5 0 112v36c0 6.6 5.4 12 12 12h424c6.6 0 12-5.4 12-12z\"><\/path><\/svg>\t\t\t\t\t\t\t\t\t\n\t\t\t1 de mar\u00e7o de 2026\t\t<\/span>\n\t\t\t\t<\/div>\n\t\t\t\t\t<\/div>\n\t\t\t\n\t\t<\/div>\n\t\t\n\t<\/div>\n\n<\/div>\n\n<div class=\"uael-post-wrapper russia-colombia  an\u00e1lises rela\u00e7\u00f5es-em-defesa-e-seguran\u00e7a-internacional \">\n\t<div class=\"uael-post__bg-wrap uael-bg-wrap-disabled \">\n\n\t\t\t\t\n\t\t<div class=\"uael-post__inner-wrap uael-inner-wrap-disabled\">\n\n\t\t\n\t\t\t\n\t\t\t<div class=\"uael-post__content-wrap uael-content-wrap-disabled\">\n\t\t\t\t\t<h3 class=\"uael-post__title\">\n\n\t\t\n\t\t\t\t\t\t<a href=\"https:\/\/ruslat.com.br\/index.php\/2026\/analises\/sintese-analitica-russia-colombia-2\/\" target=\"_self\">\n\t\t\t\tS\u00edntese anal\u00edtica &#8211; Dimens\u00e3o Defesa e Seguran\u00e7a Internacional: R\u00fassia-Col\u00f4mbia\t\t\t<\/a>\n\n\t\t\t\t<\/h3>\n\t\t\t\t\t<div class=\"uael-post__meta-data\">\n\t\t\t\t\t<span class=\"uael-post__date\">\n\t\t\t\t\t\t\t\t\t\t\t\t\t<svg aria-hidden=\"true\" class=\"e-font-icon-svg e-fa-calendar\" viewBox=\"0 0 448 512\" xmlns=\"http:\/\/www.w3.org\/2000\/svg\"><path d=\"M12 192h424c6.6 0 12 5.4 12 12v260c0 26.5-21.5 48-48 48H48c-26.5 0-48-21.5-48-48V204c0-6.6 5.4-12 12-12zm436-44v-36c0-26.5-21.5-48-48-48h-48V12c0-6.6-5.4-12-12-12h-40c-6.6 0-12 5.4-12 12v52H160V12c0-6.6-5.4-12-12-12h-40c-6.6 0-12 5.4-12 12v52H48C21.5 64 0 85.5 0 112v36c0 6.6 5.4 12 12 12h424c6.6 0 12-5.4 12-12z\"><\/path><\/svg>\t\t\t\t\t\t\t\t\t\n\t\t\t1 de mar\u00e7o de 2026\t\t<\/span>\n\t\t\t\t<\/div>\n\t\t\t\t\t<\/div>\n\t\t\t\n\t\t<\/div>\n\t\t\n\t<\/div>\n\n<\/div>\n\n<div class=\"uael-post-wrapper russia-chile  an\u00e1lises rela\u00e7\u00f5es-em-defesa-e-seguran\u00e7a-internacional \">\n\t<div class=\"uael-post__bg-wrap uael-bg-wrap-disabled \">\n\n\t\t\t\t\n\t\t<div class=\"uael-post__inner-wrap uael-inner-wrap-disabled\">\n\n\t\t\n\t\t\t\n\t\t\t<div class=\"uael-post__content-wrap uael-content-wrap-disabled\">\n\t\t\t\t\t<h3 class=\"uael-post__title\">\n\n\t\t\n\t\t\t\t\t\t<a href=\"https:\/\/ruslat.com.br\/index.php\/2026\/analises\/sintese-analitica-russia-chile-2\/\" target=\"_self\">\n\t\t\t\tS\u00edntese anal\u00edtica &#8211; Dimens\u00e3o Defesa e Seguran\u00e7a Internacional: R\u00fassia-Chile\t\t\t<\/a>\n\n\t\t\t\t<\/h3>\n\t\t\t\t\t<div class=\"uael-post__meta-data\">\n\t\t\t\t\t<span class=\"uael-post__date\">\n\t\t\t\t\t\t\t\t\t\t\t\t\t<svg aria-hidden=\"true\" class=\"e-font-icon-svg e-fa-calendar\" viewBox=\"0 0 448 512\" xmlns=\"http:\/\/www.w3.org\/2000\/svg\"><path d=\"M12 192h424c6.6 0 12 5.4 12 12v260c0 26.5-21.5 48-48 48H48c-26.5 0-48-21.5-48-48V204c0-6.6 5.4-12 12-12zm436-44v-36c0-26.5-21.5-48-48-48h-48V12c0-6.6-5.4-12-12-12h-40c-6.6 0-12 5.4-12 12v52H160V12c0-6.6-5.4-12-12-12h-40c-6.6 0-12 5.4-12 12v52H48C21.5 64 0 85.5 0 112v36c0 6.6 5.4 12 12 12h424c6.6 0 12-5.4 12-12z\"><\/path><\/svg>\t\t\t\t\t\t\t\t\t\n\t\t\t1 de mar\u00e7o de 2026\t\t<\/span>\n\t\t\t\t<\/div>\n\t\t\t\t\t<\/div>\n\t\t\t\n\t\t<\/div>\n\t\t\n\t<\/div>\n\n<\/div>\n\n<div class=\"uael-post-wrapper russia-brasil  an\u00e1lises rela\u00e7\u00f5es-em-defesa-e-seguran\u00e7a-internacional \">\n\t<div class=\"uael-post__bg-wrap uael-bg-wrap-disabled \">\n\n\t\t\t\t\n\t\t<div class=\"uael-post__inner-wrap uael-inner-wrap-disabled\">\n\n\t\t\n\t\t\t\n\t\t\t<div class=\"uael-post__content-wrap uael-content-wrap-disabled\">\n\t\t\t\t\t<h3 class=\"uael-post__title\">\n\n\t\t\n\t\t\t\t\t\t<a href=\"https:\/\/ruslat.com.br\/index.php\/2026\/analises\/sintese-analitica-russia-brasil-2\/\" target=\"_self\">\n\t\t\t\tS\u00edntese anal\u00edtica &#8211; Dimens\u00e3o Defesa e Seguran\u00e7a Internacional: R\u00fassia-Brasil\t\t\t<\/a>\n\n\t\t\t\t<\/h3>\n\t\t\t\t\t<div class=\"uael-post__meta-data\">\n\t\t\t\t\t<span class=\"uael-post__date\">\n\t\t\t\t\t\t\t\t\t\t\t\t\t<svg aria-hidden=\"true\" class=\"e-font-icon-svg e-fa-calendar\" viewBox=\"0 0 448 512\" xmlns=\"http:\/\/www.w3.org\/2000\/svg\"><path d=\"M12 192h424c6.6 0 12 5.4 12 12v260c0 26.5-21.5 48-48 48H48c-26.5 0-48-21.5-48-48V204c0-6.6 5.4-12 12-12zm436-44v-36c0-26.5-21.5-48-48-48h-48V12c0-6.6-5.4-12-12-12h-40c-6.6 0-12 5.4-12 12v52H160V12c0-6.6-5.4-12-12-12h-40c-6.6 0-12 5.4-12 12v52H48C21.5 64 0 85.5 0 112v36c0 6.6 5.4 12 12 12h424c6.6 0 12-5.4 12-12z\"><\/path><\/svg>\t\t\t\t\t\t\t\t\t\n\t\t\t1 de mar\u00e7o de 2026\t\t<\/span>\n\t\t\t\t<\/div>\n\t\t\t\t\t<\/div>\n\t\t\t\n\t\t<\/div>\n\t\t\n\t<\/div>\n\n<\/div>\n\n<div class=\"uael-post-wrapper russia-colombia  an\u00e1lises rela\u00e7\u00f5es-econ\u00f4micas \">\n\t<div class=\"uael-post__bg-wrap uael-bg-wrap-disabled \">\n\n\t\t\t\t\n\t\t<div class=\"uael-post__inner-wrap uael-inner-wrap-disabled\">\n\n\t\t\n\t\t\t\n\t\t\t<div class=\"uael-post__content-wrap uael-content-wrap-disabled\">\n\t\t\t\t\t<h3 class=\"uael-post__title\">\n\n\t\t\n\t\t\t\t\t\t<a href=\"https:\/\/ruslat.com.br\/index.php\/2025\/analises\/sintese-analitica-russia-colombia\/\" target=\"_self\">\n\t\t\t\tS\u00edntese anal\u00edtica: R\u00fassia-Col\u00f4mbia\t\t\t<\/a>\n\n\t\t\t\t<\/h3>\n\t\t\t\t\t<div class=\"uael-post__meta-data\">\n\t\t\t\t\t<span class=\"uael-post__date\">\n\t\t\t\t\t\t\t\t\t\t\t\t\t<svg aria-hidden=\"true\" class=\"e-font-icon-svg e-fa-calendar\" viewBox=\"0 0 448 512\" xmlns=\"http:\/\/www.w3.org\/2000\/svg\"><path d=\"M12 192h424c6.6 0 12 5.4 12 12v260c0 26.5-21.5 48-48 48H48c-26.5 0-48-21.5-48-48V204c0-6.6 5.4-12 12-12zm436-44v-36c0-26.5-21.5-48-48-48h-48V12c0-6.6-5.4-12-12-12h-40c-6.6 0-12 5.4-12 12v52H160V12c0-6.6-5.4-12-12-12h-40c-6.6 0-12 5.4-12 12v52H48C21.5 64 0 85.5 0 112v36c0 6.6 5.4 12 12 12h424c6.6 0 12-5.4 12-12z\"><\/path><\/svg>\t\t\t\t\t\t\t\t\t\n\t\t\t16 de dezembro de 2025\t\t<\/span>\n\t\t\t\t<\/div>\n\t\t\t\t\t<\/div>\n\t\t\t\n\t\t<\/div>\n\t\t\n\t<\/div>\n\n<\/div>\n\n<div class=\"uael-post-wrapper russia-venezuela  an\u00e1lises rela\u00e7\u00f5es-econ\u00f4micas \">\n\t<div class=\"uael-post__bg-wrap uael-bg-wrap-disabled \">\n\n\t\t\t\t\n\t\t<div class=\"uael-post__inner-wrap uael-inner-wrap-disabled\">\n\n\t\t\n\t\t\t\n\t\t\t<div class=\"uael-post__content-wrap uael-content-wrap-disabled\">\n\t\t\t\t\t<h3 class=\"uael-post__title\">\n\n\t\t\n\t\t\t\t\t\t<a href=\"https:\/\/ruslat.com.br\/index.php\/2025\/analises\/sintese-analitica-russia-venezuela\/\" target=\"_self\">\n\t\t\t\tS\u00edntese anal\u00edtica: R\u00fassia-Venezuela\t\t\t<\/a>\n\n\t\t\t\t<\/h3>\n\t\t\t\t\t<div class=\"uael-post__meta-data\">\n\t\t\t\t\t<span class=\"uael-post__date\">\n\t\t\t\t\t\t\t\t\t\t\t\t\t<svg aria-hidden=\"true\" class=\"e-font-icon-svg e-fa-calendar\" viewBox=\"0 0 448 512\" xmlns=\"http:\/\/www.w3.org\/2000\/svg\"><path d=\"M12 192h424c6.6 0 12 5.4 12 12v260c0 26.5-21.5 48-48 48H48c-26.5 0-48-21.5-48-48V204c0-6.6 5.4-12 12-12zm436-44v-36c0-26.5-21.5-48-48-48h-48V12c0-6.6-5.4-12-12-12h-40c-6.6 0-12 5.4-12 12v52H160V12c0-6.6-5.4-12-12-12h-40c-6.6 0-12 5.4-12 12v52H48C21.5 64 0 85.5 0 112v36c0 6.6 5.4 12 12 12h424c6.6 0 12-5.4 12-12z\"><\/path><\/svg>\t\t\t\t\t\t\t\t\t\n\t\t\t16 de dezembro de 2025\t\t<\/span>\n\t\t\t\t<\/div>\n\t\t\t\t\t<\/div>\n\t\t\t\n\t\t<\/div>\n\t\t\n\t<\/div>\n\n<\/div>\n\n<div class=\"uael-post-wrapper russia-chile  an\u00e1lises rela\u00e7\u00f5es-econ\u00f4micas \">\n\t<div class=\"uael-post__bg-wrap uael-bg-wrap-disabled \">\n\n\t\t\t\t\n\t\t<div class=\"uael-post__inner-wrap uael-inner-wrap-disabled\">\n\n\t\t\n\t\t\t\n\t\t\t<div class=\"uael-post__content-wrap uael-content-wrap-disabled\">\n\t\t\t\t\t<h3 class=\"uael-post__title\">\n\n\t\t\n\t\t\t\t\t\t<a href=\"https:\/\/ruslat.com.br\/index.php\/2025\/analises\/sintese-analitica-russia-chile\/\" target=\"_self\">\n\t\t\t\tS\u00edntese anal\u00edtica: R\u00fassia-Chile\t\t\t<\/a>\n\n\t\t\t\t<\/h3>\n\t\t\t\t\t<div class=\"uael-post__meta-data\">\n\t\t\t\t\t<span class=\"uael-post__date\">\n\t\t\t\t\t\t\t\t\t\t\t\t\t<svg aria-hidden=\"true\" class=\"e-font-icon-svg e-fa-calendar\" viewBox=\"0 0 448 512\" xmlns=\"http:\/\/www.w3.org\/2000\/svg\"><path d=\"M12 192h424c6.6 0 12 5.4 12 12v260c0 26.5-21.5 48-48 48H48c-26.5 0-48-21.5-48-48V204c0-6.6 5.4-12 12-12zm436-44v-36c0-26.5-21.5-48-48-48h-48V12c0-6.6-5.4-12-12-12h-40c-6.6 0-12 5.4-12 12v52H160V12c0-6.6-5.4-12-12-12h-40c-6.6 0-12 5.4-12 12v52H48C21.5 64 0 85.5 0 112v36c0 6.6 5.4 12 12 12h424c6.6 0 12-5.4 12-12z\"><\/path><\/svg>\t\t\t\t\t\t\t\t\t\n\t\t\t16 de dezembro de 2025\t\t<\/span>\n\t\t\t\t<\/div>\n\t\t\t\t\t<\/div>\n\t\t\t\n\t\t<\/div>\n\t\t\n\t<\/div>\n\n<\/div>\n\t\t\t\t<\/div>\n\t\t\t\t\t\t\n\t\t<\/div>\n\n\t\t\t\t\t\t<\/div>\n\t\t<div class=\"uael-post__footer\">\n\t\t\t\t\t\t<nav class=\"uael-grid-pagination\"  role=\"navigation\" aria-label=\"Pagination\" data-total=\"2\" data-next-page=\"2\">\n\t\t\t\t<span class=\"page-numbers current\">1<\/span>\n<a class=\"page-numbers\" href=\"https:\/\/ruslat.com.br\/index.php\/wp-json\/wp\/v2\/pages\/12668\/page\/2\/\">2<\/a>\n<a class=\"next page-numbers\" href=\"https:\/\/ruslat.com.br\/index.php\/wp-json\/wp\/v2\/pages\/12668\/page\/2\/\">Pr\u00f3ximo &raquo;<\/a>\t\t\t<\/nav>\n\t\t\t\t\t<\/div>\n\t\t\t\t\t\t<\/div>\n\t\t\t\t<\/div>\n\t\t\t\t\t<\/div>\n\t\t\t\t<\/div>\n\t\t\t\t<\/div>\n\t\t","protected":false},"excerpt":{"rendered":"<p>Busque an\u00e1lises do RUSLAT e aplique filtros por pa\u00eds. Todos R\u00fassia-Argentina R\u00fassia-Bol\u00edvia R\u00fassia-Brasil R\u00fassia-Chile R\u00fassia-Col\u00f4mbia R\u00fassia-M\u00e9xico R\u00fassia-Paraguai R\u00fassia-Venezuela S\u00edntese anal\u00edtica: R\u00fassia-Col\u00f4mbia 16 de dezembro de 2025 S\u00edntese anal\u00edtica: R\u00fassia-Venezuela 16 de dezembro de 2025 S\u00edntese anal\u00edtica: R\u00fassia-Chile 16 de dezembro de 2025 S\u00edntese anal\u00edtica: R\u00fassia-M\u00e9xico 16 de dezembro de 2025 S\u00edntese anal\u00edtica: R\u00fassia-Brasil 16 de [&hellip;]<\/p>\n","protected":false},"author":2,"featured_media":0,"parent":0,"menu_order":0,"comment_status":"closed","ping_status":"closed","template":"","meta":{"_acf_changed":false,"_eb_attr":"","footnotes":""},"class_list":["post-12668","page","type-page","status-publish","hentry"],"acf":[],"yoast_head":"<!-- This site is optimized with the Yoast SEO plugin v27.5 - https:\/\/yoast.com\/product\/yoast-seo-wordpress\/ -->\n<title>An\u00e1lises - Observat\u00f3rio R\u00fassia-Am\u00e9rica Latina<\/title>\n<meta name=\"robots\" content=\"index, follow, max-snippet:-1, max-image-preview:large, max-video-preview:-1\" \/>\n<link rel=\"canonical\" href=\"https:\/\/ruslat.com.br\/index.php\/analises\/\" \/>\n<meta property=\"og:locale\" content=\"pt_BR\" \/>\n<meta property=\"og:type\" content=\"article\" \/>\n<meta property=\"og:title\" content=\"An\u00e1lises - Observat\u00f3rio R\u00fassia-Am\u00e9rica Latina\" \/>\n<meta property=\"og:description\" content=\"Busque an\u00e1lises do RUSLAT e aplique filtros por pa\u00eds. Todos R\u00fassia-Argentina R\u00fassia-Bol\u00edvia R\u00fassia-Brasil R\u00fassia-Chile R\u00fassia-Col\u00f4mbia R\u00fassia-M\u00e9xico R\u00fassia-Paraguai R\u00fassia-Venezuela S\u00edntese anal\u00edtica: R\u00fassia-Col\u00f4mbia 16 de dezembro de 2025 S\u00edntese anal\u00edtica: R\u00fassia-Venezuela 16 de dezembro de 2025 S\u00edntese anal\u00edtica: R\u00fassia-Chile 16 de dezembro de 2025 S\u00edntese anal\u00edtica: R\u00fassia-M\u00e9xico 16 de dezembro de 2025 S\u00edntese anal\u00edtica: R\u00fassia-Brasil 16 de [&hellip;]\" \/>\n<meta property=\"og:url\" content=\"https:\/\/ruslat.com.br\/index.php\/analises\/\" \/>\n<meta property=\"og:site_name\" content=\"Observat\u00f3rio R\u00fassia-Am\u00e9rica Latina\" \/>\n<meta property=\"article:modified_time\" content=\"2025-12-19T13:09:44+00:00\" \/>\n<meta name=\"twitter:card\" content=\"summary_large_image\" \/>\n<meta name=\"twitter:label1\" content=\"Est. tempo de leitura\" \/>\n\t<meta name=\"twitter:data1\" content=\"1 minuto\" \/>\n<script type=\"application\/ld+json\" class=\"yoast-schema-graph\">{\"@context\":\"https:\\\/\\\/schema.org\",\"@graph\":[{\"@type\":\"WebPage\",\"@id\":\"https:\\\/\\\/ruslat.com.br\\\/index.php\\\/analises\\\/\",\"url\":\"https:\\\/\\\/ruslat.com.br\\\/index.php\\\/analises\\\/\",\"name\":\"An\u00e1lises - Observat\u00f3rio R\u00fassia-Am\u00e9rica Latina\",\"isPartOf\":{\"@id\":\"https:\\\/\\\/ruslat.com.br\\\/#website\"},\"datePublished\":\"2025-12-19T13:03:40+00:00\",\"dateModified\":\"2025-12-19T13:09:44+00:00\",\"breadcrumb\":{\"@id\":\"https:\\\/\\\/ruslat.com.br\\\/index.php\\\/analises\\\/#breadcrumb\"},\"inLanguage\":\"pt-BR\",\"potentialAction\":[{\"@type\":\"ReadAction\",\"target\":[\"https:\\\/\\\/ruslat.com.br\\\/index.php\\\/analises\\\/\"]}]},{\"@type\":\"BreadcrumbList\",\"@id\":\"https:\\\/\\\/ruslat.com.br\\\/index.php\\\/analises\\\/#breadcrumb\",\"itemListElement\":[{\"@type\":\"ListItem\",\"position\":1,\"name\":\"In\u00edcio\",\"item\":\"https:\\\/\\\/ruslat.com.br\\\/\"},{\"@type\":\"ListItem\",\"position\":2,\"name\":\"An\u00e1lises\"}]},{\"@type\":\"WebSite\",\"@id\":\"https:\\\/\\\/ruslat.com.br\\\/#website\",\"url\":\"https:\\\/\\\/ruslat.com.br\\\/\",\"name\":\"Observat\u00f3rio R\u00fassia-Am\u00e9rica Latina\",\"description\":\"\",\"potentialAction\":[{\"@type\":\"SearchAction\",\"target\":{\"@type\":\"EntryPoint\",\"urlTemplate\":\"https:\\\/\\\/ruslat.com.br\\\/?s={search_term_string}\"},\"query-input\":{\"@type\":\"PropertyValueSpecification\",\"valueRequired\":true,\"valueName\":\"search_term_string\"}}],\"inLanguage\":\"pt-BR\"}]}<\/script>\n<!-- \/ Yoast SEO plugin. -->","yoast_head_json":{"title":"An\u00e1lises - Observat\u00f3rio R\u00fassia-Am\u00e9rica Latina","robots":{"index":"index","follow":"follow","max-snippet":"max-snippet:-1","max-image-preview":"max-image-preview:large","max-video-preview":"max-video-preview:-1"},"canonical":"https:\/\/ruslat.com.br\/index.php\/analises\/","og_locale":"pt_BR","og_type":"article","og_title":"An\u00e1lises - Observat\u00f3rio R\u00fassia-Am\u00e9rica Latina","og_description":"Busque an\u00e1lises do RUSLAT e aplique filtros por pa\u00eds. Todos R\u00fassia-Argentina R\u00fassia-Bol\u00edvia R\u00fassia-Brasil R\u00fassia-Chile R\u00fassia-Col\u00f4mbia R\u00fassia-M\u00e9xico R\u00fassia-Paraguai R\u00fassia-Venezuela S\u00edntese anal\u00edtica: R\u00fassia-Col\u00f4mbia 16 de dezembro de 2025 S\u00edntese anal\u00edtica: R\u00fassia-Venezuela 16 de dezembro de 2025 S\u00edntese anal\u00edtica: R\u00fassia-Chile 16 de dezembro de 2025 S\u00edntese anal\u00edtica: R\u00fassia-M\u00e9xico 16 de dezembro de 2025 S\u00edntese anal\u00edtica: R\u00fassia-Brasil 16 de [&hellip;]","og_url":"https:\/\/ruslat.com.br\/index.php\/analises\/","og_site_name":"Observat\u00f3rio R\u00fassia-Am\u00e9rica Latina","article_modified_time":"2025-12-19T13:09:44+00:00","twitter_card":"summary_large_image","twitter_misc":{"Est. tempo de leitura":"1 minuto"},"schema":{"@context":"https:\/\/schema.org","@graph":[{"@type":"WebPage","@id":"https:\/\/ruslat.com.br\/index.php\/analises\/","url":"https:\/\/ruslat.com.br\/index.php\/analises\/","name":"An\u00e1lises - Observat\u00f3rio R\u00fassia-Am\u00e9rica Latina","isPartOf":{"@id":"https:\/\/ruslat.com.br\/#website"},"datePublished":"2025-12-19T13:03:40+00:00","dateModified":"2025-12-19T13:09:44+00:00","breadcrumb":{"@id":"https:\/\/ruslat.com.br\/index.php\/analises\/#breadcrumb"},"inLanguage":"pt-BR","potentialAction":[{"@type":"ReadAction","target":["https:\/\/ruslat.com.br\/index.php\/analises\/"]}]},{"@type":"BreadcrumbList","@id":"https:\/\/ruslat.com.br\/index.php\/analises\/#breadcrumb","itemListElement":[{"@type":"ListItem","position":1,"name":"In\u00edcio","item":"https:\/\/ruslat.com.br\/"},{"@type":"ListItem","position":2,"name":"An\u00e1lises"}]},{"@type":"WebSite","@id":"https:\/\/ruslat.com.br\/#website","url":"https:\/\/ruslat.com.br\/","name":"Observat\u00f3rio R\u00fassia-Am\u00e9rica Latina","description":"","potentialAction":[{"@type":"SearchAction","target":{"@type":"EntryPoint","urlTemplate":"https:\/\/ruslat.com.br\/?s={search_term_string}"},"query-input":{"@type":"PropertyValueSpecification","valueRequired":true,"valueName":"search_term_string"}}],"inLanguage":"pt-BR"}]}},"jetpack_sharing_enabled":true,"_links":{"self":[{"href":"https:\/\/ruslat.com.br\/index.php\/wp-json\/wp\/v2\/pages\/12668","targetHints":{"allow":["GET"]}}],"collection":[{"href":"https:\/\/ruslat.com.br\/index.php\/wp-json\/wp\/v2\/pages"}],"about":[{"href":"https:\/\/ruslat.com.br\/index.php\/wp-json\/wp\/v2\/types\/page"}],"author":[{"embeddable":true,"href":"https:\/\/ruslat.com.br\/index.php\/wp-json\/wp\/v2\/users\/2"}],"replies":[{"embeddable":true,"href":"https:\/\/ruslat.com.br\/index.php\/wp-json\/wp\/v2\/comments?post=12668"}],"version-history":[{"count":9,"href":"https:\/\/ruslat.com.br\/index.php\/wp-json\/wp\/v2\/pages\/12668\/revisions"}],"predecessor-version":[{"id":12679,"href":"https:\/\/ruslat.com.br\/index.php\/wp-json\/wp\/v2\/pages\/12668\/revisions\/12679"}],"wp:attachment":[{"href":"https:\/\/ruslat.com.br\/index.php\/wp-json\/wp\/v2\/media?parent=12668"}],"curies":[{"name":"wp","href":"https:\/\/api.w.org\/{rel}","templated":true}]}}