{"id":11747,"date":"2025-10-23T11:33:37","date_gmt":"2025-10-23T14:33:37","guid":{"rendered":"https:\/\/ruslat.com.br\/?page_id=11747"},"modified":"2025-11-04T22:52:52","modified_gmt":"2025-11-05T01:52:52","slug":"parceiros","status":"publish","type":"page","link":"https:\/\/ruslat.com.br\/index.php\/parceiros\/","title":{"rendered":"Parceiros"},"content":{"rendered":"\t\t<div data-elementor-type=\"wp-page\" data-elementor-id=\"11747\" class=\"elementor elementor-11747\" data-elementor-post-type=\"page\">\n\t\t\t\t<div data-particle_enable=\"false\" data-particle-mobile-disabled=\"false\" class=\"elementor-element elementor-element-20781b46 e-flex e-con-boxed e-con e-parent\" data-id=\"20781b46\" data-element_type=\"container\">\n\t\t\t\t\t<div class=\"e-con-inner\">\n\t\t\t\t<div class=\"elementor-element elementor-element-88f7215 elementor-widget elementor-widget-heading\" data-id=\"88f7215\" data-element_type=\"widget\" data-widget_type=\"heading.default\">\n\t\t\t\t<div class=\"elementor-widget-container\">\n\t\t\t\t\t<h3 class=\"elementor-heading-title elementor-size-default\">Blog \u041d\u0430\u0443\u043a\u043e\u0437\u0430\u0446\u0438\u044f (Naukozaciya)<\/h3>\t\t\t\t<\/div>\n\t\t\t\t<\/div>\n\t\t\t\t<div class=\"elementor-element elementor-element-70a36826 elementor-widget elementor-widget-text-editor\" data-id=\"70a36826\" data-element_type=\"widget\" data-widget_type=\"text-editor.default\">\n\t\t\t\t<div class=\"elementor-widget-container\">\n\t\t\t\t\t\t\t\t\t<p>Site: <a href=\"https:\/\/naukozaciya.com\">https:\/\/naukozaciya.com<\/a><\/p>\n<p>O blog <strong>\u041d\u0430\u0443\u043a\u043e\u0437\u0430\u0446\u0438\u044f (Naukozaciya)<\/strong> \u00e9 uma plataforma russa criada pela Profa. Ekaterina Kosevich, doutora em Ci\u00eancias Pol\u00edticas, dedicada a discutir os desafios e as oportunidades da carreira cient\u00edfica na R\u00fassia contempor\u00e2nea. O site re\u00fane reflex\u00f5es e relatos de experi\u00eancias sobre como jovens pesquisadores podem desenvolver trajet\u00f3rias bem-sucedidas, abordando tanto casos de \u00eaxito quanto de fracasso no campo acad\u00eamico. Al\u00e9m de oferecer conselhos pr\u00e1ticos e an\u00e1lises sobre o funcionamento das institui\u00e7\u00f5es cient\u00edficas russas, o blog tamb\u00e9m divulga textos anal\u00edticos relacionados a temas pol\u00edticos, jur\u00eddicos, econ\u00f4micos e hist\u00f3ricos, funcionando como um espa\u00e7o de interc\u00e2mbio intelectual voltado \u00e0 reflex\u00e3o cr\u00edtica sobre a ci\u00eancia e a sociedade na R\u00fassia e nos pa\u00edses Latino-Americanos hoje.<\/p>\n<p>A Profa.&nbsp;Ekaterina participou do programa do&nbsp;Jornal GGN no YouTube juntamente com o RUSLAT. Confira abaixo:<\/p>\t\t\t\t\t\t\t\t<\/div>\n\t\t\t\t<\/div>\n\t\t\t\t<div class=\"elementor-element elementor-element-9b8b1de elementor-widget elementor-widget-video\" data-id=\"9b8b1de\" data-element_type=\"widget\" data-settings=\"{&quot;youtube_url&quot;:&quot;https:\\\/\\\/www.youtube.com\\\/watch?v=k3sMjpxTAuE&quot;,&quot;video_type&quot;:&quot;youtube&quot;,&quot;controls&quot;:&quot;yes&quot;}\" data-widget_type=\"video.default\">\n\t\t\t\t<div class=\"elementor-widget-container\">\n\t\t\t\t\t\t\t<div class=\"elementor-wrapper elementor-open-inline\">\n\t\t\t<div class=\"elementor-video\"><\/div>\t\t<\/div>\n\t\t\t\t\t\t<\/div>\n\t\t\t\t<\/div>\n\t\t\t\t\t<\/div>\n\t\t\t\t<\/div>\n\t\t\t\t<\/div>\n\t\t","protected":false},"excerpt":{"rendered":"<p>Blog \u041d\u0430\u0443\u043a\u043e\u0437\u0430\u0446\u0438\u044f (Naukozaciya) Site: https:\/\/naukozaciya.com O blog \u041d\u0430\u0443\u043a\u043e\u0437\u0430\u0446\u0438\u044f (Naukozaciya) \u00e9 uma plataforma russa criada pela Profa. Ekaterina Kosevich, doutora em Ci\u00eancias Pol\u00edticas, dedicada a discutir os desafios e as oportunidades da carreira cient\u00edfica na R\u00fassia contempor\u00e2nea. O site re\u00fane reflex\u00f5es e relatos de experi\u00eancias sobre como jovens pesquisadores podem desenvolver trajet\u00f3rias bem-sucedidas, abordando tanto casos [&hellip;]<\/p>\n","protected":false},"author":1,"featured_media":0,"parent":0,"menu_order":0,"comment_status":"closed","ping_status":"closed","template":"","meta":{"_acf_changed":false,"_eb_attr":"","footnotes":""},"class_list":["post-11747","page","type-page","status-publish","hentry"],"acf":[],"yoast_head":"<!-- This site is optimized with the Yoast SEO plugin v27.5 - https:\/\/yoast.com\/product\/yoast-seo-wordpress\/ -->\n<title>Parceiros - Observat\u00f3rio R\u00fassia-Am\u00e9rica Latina<\/title>\n<meta name=\"robots\" content=\"index, follow, max-snippet:-1, max-image-preview:large, max-video-preview:-1\" \/>\n<link rel=\"canonical\" href=\"https:\/\/ruslat.com.br\/index.php\/parceiros\/\" \/>\n<meta property=\"og:locale\" content=\"pt_BR\" \/>\n<meta property=\"og:type\" content=\"article\" \/>\n<meta property=\"og:title\" content=\"Parceiros - Observat\u00f3rio R\u00fassia-Am\u00e9rica Latina\" \/>\n<meta property=\"og:description\" content=\"Blog \u041d\u0430\u0443\u043a\u043e\u0437\u0430\u0446\u0438\u044f (Naukozaciya) Site: https:\/\/naukozaciya.com O blog \u041d\u0430\u0443\u043a\u043e\u0437\u0430\u0446\u0438\u044f (Naukozaciya) \u00e9 uma plataforma russa criada pela Profa. Ekaterina Kosevich, doutora em Ci\u00eancias Pol\u00edticas, dedicada a discutir os desafios e as oportunidades da carreira cient\u00edfica na R\u00fassia contempor\u00e2nea. O site re\u00fane reflex\u00f5es e relatos de experi\u00eancias sobre como jovens pesquisadores podem desenvolver trajet\u00f3rias bem-sucedidas, abordando tanto casos [&hellip;]\" \/>\n<meta property=\"og:url\" content=\"https:\/\/ruslat.com.br\/index.php\/parceiros\/\" \/>\n<meta property=\"og:site_name\" content=\"Observat\u00f3rio R\u00fassia-Am\u00e9rica Latina\" \/>\n<meta property=\"article:modified_time\" content=\"2025-11-05T01:52:52+00:00\" \/>\n<meta name=\"twitter:card\" content=\"summary_large_image\" \/>\n<meta name=\"twitter:label1\" content=\"Est. tempo de leitura\" \/>\n\t<meta name=\"twitter:data1\" content=\"1 minuto\" \/>\n<script type=\"application\/ld+json\" class=\"yoast-schema-graph\">{\"@context\":\"https:\\\/\\\/schema.org\",\"@graph\":[{\"@type\":\"WebPage\",\"@id\":\"https:\\\/\\\/ruslat.com.br\\\/index.php\\\/parceiros\\\/\",\"url\":\"https:\\\/\\\/ruslat.com.br\\\/index.php\\\/parceiros\\\/\",\"name\":\"Parceiros - Observat\u00f3rio R\u00fassia-Am\u00e9rica Latina\",\"isPartOf\":{\"@id\":\"https:\\\/\\\/ruslat.com.br\\\/#website\"},\"datePublished\":\"2025-10-23T14:33:37+00:00\",\"dateModified\":\"2025-11-05T01:52:52+00:00\",\"breadcrumb\":{\"@id\":\"https:\\\/\\\/ruslat.com.br\\\/index.php\\\/parceiros\\\/#breadcrumb\"},\"inLanguage\":\"pt-BR\",\"potentialAction\":[{\"@type\":\"ReadAction\",\"target\":[\"https:\\\/\\\/ruslat.com.br\\\/index.php\\\/parceiros\\\/\"]}]},{\"@type\":\"BreadcrumbList\",\"@id\":\"https:\\\/\\\/ruslat.com.br\\\/index.php\\\/parceiros\\\/#breadcrumb\",\"itemListElement\":[{\"@type\":\"ListItem\",\"position\":1,\"name\":\"In\u00edcio\",\"item\":\"https:\\\/\\\/ruslat.com.br\\\/\"},{\"@type\":\"ListItem\",\"position\":2,\"name\":\"Parceiros\"}]},{\"@type\":\"WebSite\",\"@id\":\"https:\\\/\\\/ruslat.com.br\\\/#website\",\"url\":\"https:\\\/\\\/ruslat.com.br\\\/\",\"name\":\"Observat\u00f3rio R\u00fassia-Am\u00e9rica Latina\",\"description\":\"\",\"potentialAction\":[{\"@type\":\"SearchAction\",\"target\":{\"@type\":\"EntryPoint\",\"urlTemplate\":\"https:\\\/\\\/ruslat.com.br\\\/?s={search_term_string}\"},\"query-input\":{\"@type\":\"PropertyValueSpecification\",\"valueRequired\":true,\"valueName\":\"search_term_string\"}}],\"inLanguage\":\"pt-BR\"}]}<\/script>\n<!-- \/ Yoast SEO plugin. -->","yoast_head_json":{"title":"Parceiros - Observat\u00f3rio R\u00fassia-Am\u00e9rica Latina","robots":{"index":"index","follow":"follow","max-snippet":"max-snippet:-1","max-image-preview":"max-image-preview:large","max-video-preview":"max-video-preview:-1"},"canonical":"https:\/\/ruslat.com.br\/index.php\/parceiros\/","og_locale":"pt_BR","og_type":"article","og_title":"Parceiros - Observat\u00f3rio R\u00fassia-Am\u00e9rica Latina","og_description":"Blog \u041d\u0430\u0443\u043a\u043e\u0437\u0430\u0446\u0438\u044f (Naukozaciya) Site: https:\/\/naukozaciya.com O blog \u041d\u0430\u0443\u043a\u043e\u0437\u0430\u0446\u0438\u044f (Naukozaciya) \u00e9 uma plataforma russa criada pela Profa. Ekaterina Kosevich, doutora em Ci\u00eancias Pol\u00edticas, dedicada a discutir os desafios e as oportunidades da carreira cient\u00edfica na R\u00fassia contempor\u00e2nea. O site re\u00fane reflex\u00f5es e relatos de experi\u00eancias sobre como jovens pesquisadores podem desenvolver trajet\u00f3rias bem-sucedidas, abordando tanto casos [&hellip;]","og_url":"https:\/\/ruslat.com.br\/index.php\/parceiros\/","og_site_name":"Observat\u00f3rio R\u00fassia-Am\u00e9rica Latina","article_modified_time":"2025-11-05T01:52:52+00:00","twitter_card":"summary_large_image","twitter_misc":{"Est. tempo de leitura":"1 minuto"},"schema":{"@context":"https:\/\/schema.org","@graph":[{"@type":"WebPage","@id":"https:\/\/ruslat.com.br\/index.php\/parceiros\/","url":"https:\/\/ruslat.com.br\/index.php\/parceiros\/","name":"Parceiros - Observat\u00f3rio R\u00fassia-Am\u00e9rica Latina","isPartOf":{"@id":"https:\/\/ruslat.com.br\/#website"},"datePublished":"2025-10-23T14:33:37+00:00","dateModified":"2025-11-05T01:52:52+00:00","breadcrumb":{"@id":"https:\/\/ruslat.com.br\/index.php\/parceiros\/#breadcrumb"},"inLanguage":"pt-BR","potentialAction":[{"@type":"ReadAction","target":["https:\/\/ruslat.com.br\/index.php\/parceiros\/"]}]},{"@type":"BreadcrumbList","@id":"https:\/\/ruslat.com.br\/index.php\/parceiros\/#breadcrumb","itemListElement":[{"@type":"ListItem","position":1,"name":"In\u00edcio","item":"https:\/\/ruslat.com.br\/"},{"@type":"ListItem","position":2,"name":"Parceiros"}]},{"@type":"WebSite","@id":"https:\/\/ruslat.com.br\/#website","url":"https:\/\/ruslat.com.br\/","name":"Observat\u00f3rio R\u00fassia-Am\u00e9rica Latina","description":"","potentialAction":[{"@type":"SearchAction","target":{"@type":"EntryPoint","urlTemplate":"https:\/\/ruslat.com.br\/?s={search_term_string}"},"query-input":{"@type":"PropertyValueSpecification","valueRequired":true,"valueName":"search_term_string"}}],"inLanguage":"pt-BR"}]}},"jetpack_sharing_enabled":true,"_links":{"self":[{"href":"https:\/\/ruslat.com.br\/index.php\/wp-json\/wp\/v2\/pages\/11747","targetHints":{"allow":["GET"]}}],"collection":[{"href":"https:\/\/ruslat.com.br\/index.php\/wp-json\/wp\/v2\/pages"}],"about":[{"href":"https:\/\/ruslat.com.br\/index.php\/wp-json\/wp\/v2\/types\/page"}],"author":[{"embeddable":true,"href":"https:\/\/ruslat.com.br\/index.php\/wp-json\/wp\/v2\/users\/1"}],"replies":[{"embeddable":true,"href":"https:\/\/ruslat.com.br\/index.php\/wp-json\/wp\/v2\/comments?post=11747"}],"version-history":[{"count":18,"href":"https:\/\/ruslat.com.br\/index.php\/wp-json\/wp\/v2\/pages\/11747\/revisions"}],"predecessor-version":[{"id":11783,"href":"https:\/\/ruslat.com.br\/index.php\/wp-json\/wp\/v2\/pages\/11747\/revisions\/11783"}],"wp:attachment":[{"href":"https:\/\/ruslat.com.br\/index.php\/wp-json\/wp\/v2\/media?parent=11747"}],"curies":[{"name":"wp","href":"https:\/\/api.w.org\/{rel}","templated":true}]}}