{"id":10,"date":"2023-12-11T00:57:01","date_gmt":"2023-12-11T03:57:01","guid":{"rendered":"https:\/\/ruslat.com.br\/?page_id=10"},"modified":"2024-06-06T00:46:31","modified_gmt":"2024-06-06T03:46:31","slug":"sobre","status":"publish","type":"page","link":"https:\/\/ruslat.com.br\/index.php\/sobre\/","title":{"rendered":"Sobre"},"content":{"rendered":"\t\t<div data-elementor-type=\"wp-page\" data-elementor-id=\"10\" class=\"elementor elementor-10\" data-elementor-post-type=\"page\">\n\t\t\t\t<div data-particle_enable=\"false\" data-particle-mobile-disabled=\"false\" class=\"elementor-element elementor-element-20781b46 e-flex e-con-boxed e-con e-parent\" data-id=\"20781b46\" data-element_type=\"container\">\n\t\t\t\t\t<div class=\"e-con-inner\">\n\t\t\t\t<div class=\"elementor-element elementor-element-70a36826 elementor-widget elementor-widget-text-editor\" data-id=\"70a36826\" data-element_type=\"widget\" data-widget_type=\"text-editor.default\">\n\t\t\t\t<div class=\"elementor-widget-container\">\n\t\t\t\t\t\t\t\t\t\n<p>O Observat\u00f3rio R\u00fassia-Am\u00e9rica Latina (Ruslat) tem como objetivo atuar como polo de refer\u00eancia no estudo das rela\u00e7\u00f5es entre R\u00fassia e Am\u00e9rica Latina na contemporaneidade. O projeto prop\u00f5e considerar a inser\u00e7\u00e3o desses Estados na pol\u00edtica internacional em um contexto de mudan\u00e7as estruturais globais emergentes no novo mil\u00eanio. O planejamento de suas atividades teve in\u00edcio em 2023, no \u00e2mbito do edital de incentivo \u00e0 pesquisa da Pontif\u00edcia Universidade Cat\u00f3lica de Minas Gerais (PUC Minas), cujo renomado Departamento de Rela\u00e7\u00f5es Internacionais abriga o Observat\u00f3rio. Em 2024, realiza-se o lan\u00e7amento do portal Ruslat, com dados reunidos inicialmente sobre as rela\u00e7\u00f5es entre R\u00fassia e Brasil, Venezuela, M\u00e9xico, Chile e Col\u00f4mbia. Planeja-se expandir as atividades para todos os Estados latino-americanos nos pr\u00f3ximos anos.<\/p>\n<p>A iniciativa atua em tr\u00eas frentes. A fim de reunir dados qualificados sobre as rela\u00e7\u00f5es entre R\u00fassia e Am\u00e9rica Latina, o portal Ruslat disponibiliza uma base de dados sobre as dimens\u00f5es pol\u00edtica, econ\u00f4mica, cultural e de defesa e seguran\u00e7a internacional das intera\u00e7\u00f5es entre esses Estados. Os dados s\u00e3o apresentados por meio de tabelas e de recursos visuais interativos desde 1991, sendo anualmente atualizados. A segunda frente de atua\u00e7\u00e3o centra-se em disponibilizar os relat\u00f3rios de investiga\u00e7\u00e3o dos pesquisadores e das pesquisadoras do Ruslat, com an\u00e1lises constru\u00eddas a partir das informa\u00e7\u00f5es organizadas com base no banco de dados. Por fim, o portal Ruslat apresenta-se como espa\u00e7o de refer\u00eancia para a reuni\u00e3o e a divulga\u00e7\u00e3o de not\u00edcias, eventos e material bibliogr\u00e1fico sobre as rela\u00e7\u00f5es entre R\u00fassia e Am\u00e9rica Latina.<\/p>\n\t\t\t\t\t\t\t\t<\/div>\n\t\t\t\t<\/div>\n\t\t\t\t\t<\/div>\n\t\t\t\t<\/div>\n\t\t\t\t<\/div>\n\t\t","protected":false},"excerpt":{"rendered":"<p>O Observat\u00f3rio R\u00fassia-Am\u00e9rica Latina (Ruslat) tem como objetivo atuar como polo de refer\u00eancia no estudo das rela\u00e7\u00f5es entre R\u00fassia e Am\u00e9rica Latina na contemporaneidade. O projeto prop\u00f5e considerar a inser\u00e7\u00e3o desses Estados na pol\u00edtica internacional em um contexto de mudan\u00e7as estruturais globais emergentes no novo mil\u00eanio. O planejamento de suas atividades teve in\u00edcio em 2023, [&hellip;]<\/p>\n","protected":false},"author":1,"featured_media":0,"parent":0,"menu_order":0,"comment_status":"closed","ping_status":"closed","template":"","meta":{"_acf_changed":false,"_eb_attr":"","footnotes":""},"class_list":["post-10","page","type-page","status-publish","hentry"],"acf":[],"yoast_head":"<!-- This site is optimized with the Yoast SEO plugin v27.5 - https:\/\/yoast.com\/product\/yoast-seo-wordpress\/ -->\n<title>Sobre - Observat\u00f3rio R\u00fassia-Am\u00e9rica Latina<\/title>\n<meta name=\"robots\" content=\"index, follow, max-snippet:-1, max-image-preview:large, max-video-preview:-1\" \/>\n<link rel=\"canonical\" href=\"https:\/\/ruslat.com.br\/index.php\/sobre\/\" \/>\n<meta property=\"og:locale\" content=\"pt_BR\" \/>\n<meta property=\"og:type\" content=\"article\" \/>\n<meta property=\"og:title\" content=\"Sobre - Observat\u00f3rio R\u00fassia-Am\u00e9rica Latina\" \/>\n<meta property=\"og:description\" content=\"O Observat\u00f3rio R\u00fassia-Am\u00e9rica Latina (Ruslat) tem como objetivo atuar como polo de refer\u00eancia no estudo das rela\u00e7\u00f5es entre R\u00fassia e Am\u00e9rica Latina na contemporaneidade. O projeto prop\u00f5e considerar a inser\u00e7\u00e3o desses Estados na pol\u00edtica internacional em um contexto de mudan\u00e7as estruturais globais emergentes no novo mil\u00eanio. O planejamento de suas atividades teve in\u00edcio em 2023, [&hellip;]\" \/>\n<meta property=\"og:url\" content=\"https:\/\/ruslat.com.br\/index.php\/sobre\/\" \/>\n<meta property=\"og:site_name\" content=\"Observat\u00f3rio R\u00fassia-Am\u00e9rica Latina\" \/>\n<meta property=\"article:modified_time\" content=\"2024-06-06T03:46:31+00:00\" \/>\n<meta name=\"twitter:card\" content=\"summary_large_image\" \/>\n<meta name=\"twitter:label1\" content=\"Est. tempo de leitura\" \/>\n\t<meta name=\"twitter:data1\" content=\"2 minutos\" \/>\n<script type=\"application\/ld+json\" class=\"yoast-schema-graph\">{\"@context\":\"https:\\\/\\\/schema.org\",\"@graph\":[{\"@type\":\"WebPage\",\"@id\":\"https:\\\/\\\/ruslat.com.br\\\/index.php\\\/sobre\\\/\",\"url\":\"https:\\\/\\\/ruslat.com.br\\\/index.php\\\/sobre\\\/\",\"name\":\"Sobre - Observat\u00f3rio R\u00fassia-Am\u00e9rica Latina\",\"isPartOf\":{\"@id\":\"https:\\\/\\\/ruslat.com.br\\\/#website\"},\"datePublished\":\"2023-12-11T03:57:01+00:00\",\"dateModified\":\"2024-06-06T03:46:31+00:00\",\"breadcrumb\":{\"@id\":\"https:\\\/\\\/ruslat.com.br\\\/index.php\\\/sobre\\\/#breadcrumb\"},\"inLanguage\":\"pt-BR\",\"potentialAction\":[{\"@type\":\"ReadAction\",\"target\":[\"https:\\\/\\\/ruslat.com.br\\\/index.php\\\/sobre\\\/\"]}]},{\"@type\":\"BreadcrumbList\",\"@id\":\"https:\\\/\\\/ruslat.com.br\\\/index.php\\\/sobre\\\/#breadcrumb\",\"itemListElement\":[{\"@type\":\"ListItem\",\"position\":1,\"name\":\"In\u00edcio\",\"item\":\"https:\\\/\\\/ruslat.com.br\\\/\"},{\"@type\":\"ListItem\",\"position\":2,\"name\":\"Sobre\"}]},{\"@type\":\"WebSite\",\"@id\":\"https:\\\/\\\/ruslat.com.br\\\/#website\",\"url\":\"https:\\\/\\\/ruslat.com.br\\\/\",\"name\":\"Observat\u00f3rio R\u00fassia-Am\u00e9rica Latina\",\"description\":\"\",\"potentialAction\":[{\"@type\":\"SearchAction\",\"target\":{\"@type\":\"EntryPoint\",\"urlTemplate\":\"https:\\\/\\\/ruslat.com.br\\\/?s={search_term_string}\"},\"query-input\":{\"@type\":\"PropertyValueSpecification\",\"valueRequired\":true,\"valueName\":\"search_term_string\"}}],\"inLanguage\":\"pt-BR\"}]}<\/script>\n<!-- \/ Yoast SEO plugin. -->","yoast_head_json":{"title":"Sobre - Observat\u00f3rio R\u00fassia-Am\u00e9rica Latina","robots":{"index":"index","follow":"follow","max-snippet":"max-snippet:-1","max-image-preview":"max-image-preview:large","max-video-preview":"max-video-preview:-1"},"canonical":"https:\/\/ruslat.com.br\/index.php\/sobre\/","og_locale":"pt_BR","og_type":"article","og_title":"Sobre - Observat\u00f3rio R\u00fassia-Am\u00e9rica Latina","og_description":"O Observat\u00f3rio R\u00fassia-Am\u00e9rica Latina (Ruslat) tem como objetivo atuar como polo de refer\u00eancia no estudo das rela\u00e7\u00f5es entre R\u00fassia e Am\u00e9rica Latina na contemporaneidade. O projeto prop\u00f5e considerar a inser\u00e7\u00e3o desses Estados na pol\u00edtica internacional em um contexto de mudan\u00e7as estruturais globais emergentes no novo mil\u00eanio. O planejamento de suas atividades teve in\u00edcio em 2023, [&hellip;]","og_url":"https:\/\/ruslat.com.br\/index.php\/sobre\/","og_site_name":"Observat\u00f3rio R\u00fassia-Am\u00e9rica Latina","article_modified_time":"2024-06-06T03:46:31+00:00","twitter_card":"summary_large_image","twitter_misc":{"Est. tempo de leitura":"2 minutos"},"schema":{"@context":"https:\/\/schema.org","@graph":[{"@type":"WebPage","@id":"https:\/\/ruslat.com.br\/index.php\/sobre\/","url":"https:\/\/ruslat.com.br\/index.php\/sobre\/","name":"Sobre - Observat\u00f3rio R\u00fassia-Am\u00e9rica Latina","isPartOf":{"@id":"https:\/\/ruslat.com.br\/#website"},"datePublished":"2023-12-11T03:57:01+00:00","dateModified":"2024-06-06T03:46:31+00:00","breadcrumb":{"@id":"https:\/\/ruslat.com.br\/index.php\/sobre\/#breadcrumb"},"inLanguage":"pt-BR","potentialAction":[{"@type":"ReadAction","target":["https:\/\/ruslat.com.br\/index.php\/sobre\/"]}]},{"@type":"BreadcrumbList","@id":"https:\/\/ruslat.com.br\/index.php\/sobre\/#breadcrumb","itemListElement":[{"@type":"ListItem","position":1,"name":"In\u00edcio","item":"https:\/\/ruslat.com.br\/"},{"@type":"ListItem","position":2,"name":"Sobre"}]},{"@type":"WebSite","@id":"https:\/\/ruslat.com.br\/#website","url":"https:\/\/ruslat.com.br\/","name":"Observat\u00f3rio R\u00fassia-Am\u00e9rica Latina","description":"","potentialAction":[{"@type":"SearchAction","target":{"@type":"EntryPoint","urlTemplate":"https:\/\/ruslat.com.br\/?s={search_term_string}"},"query-input":{"@type":"PropertyValueSpecification","valueRequired":true,"valueName":"search_term_string"}}],"inLanguage":"pt-BR"}]}},"jetpack_sharing_enabled":true,"_links":{"self":[{"href":"https:\/\/ruslat.com.br\/index.php\/wp-json\/wp\/v2\/pages\/10","targetHints":{"allow":["GET"]}}],"collection":[{"href":"https:\/\/ruslat.com.br\/index.php\/wp-json\/wp\/v2\/pages"}],"about":[{"href":"https:\/\/ruslat.com.br\/index.php\/wp-json\/wp\/v2\/types\/page"}],"author":[{"embeddable":true,"href":"https:\/\/ruslat.com.br\/index.php\/wp-json\/wp\/v2\/users\/1"}],"replies":[{"embeddable":true,"href":"https:\/\/ruslat.com.br\/index.php\/wp-json\/wp\/v2\/comments?post=10"}],"version-history":[{"count":14,"href":"https:\/\/ruslat.com.br\/index.php\/wp-json\/wp\/v2\/pages\/10\/revisions"}],"predecessor-version":[{"id":538,"href":"https:\/\/ruslat.com.br\/index.php\/wp-json\/wp\/v2\/pages\/10\/revisions\/538"}],"wp:attachment":[{"href":"https:\/\/ruslat.com.br\/index.php\/wp-json\/wp\/v2\/media?parent=10"}],"curies":[{"name":"wp","href":"https:\/\/api.w.org\/{rel}","templated":true}]}}