{"id":1534,"date":"2023-12-11T00:57:01","date_gmt":"2023-12-11T03:57:01","guid":{"rendered":"https:\/\/ruslat.com.br\/index.php\/acerca-de\/"},"modified":"2024-06-12T03:32:56","modified_gmt":"2024-06-12T06:32:56","slug":"acerca-de","status":"publish","type":"page","link":"https:\/\/ruslat.com.br\/es\/index.php\/acerca-de\/","title":{"rendered":"Acerca de"},"content":{"rendered":"\t\t<div data-elementor-type=\"wp-page\" data-elementor-id=\"1534\" class=\"elementor elementor-1534 elementor-539\" data-elementor-post-type=\"page\">\n\t\t\t\t<div data-particle_enable=\"false\" data-particle-mobile-disabled=\"false\" class=\"elementor-element elementor-element-20781b46 e-flex e-con-boxed e-con e-parent\" data-id=\"20781b46\" data-element_type=\"container\">\n\t\t\t\t\t<div class=\"e-con-inner\">\n\t\t\t\t<div class=\"elementor-element elementor-element-70a36826 elementor-widget elementor-widget-text-editor\" data-id=\"70a36826\" data-element_type=\"widget\" data-widget_type=\"text-editor.default\">\n\t\t\t\t<div class=\"elementor-widget-container\">\n\t\t\t\t\t\t\t\t\t<p>El Observatorio Rusia-Am\u00e9rica Latina (Ruslat) pretende ser un centro de referencia para el estudio de las relaciones entre Rusia y Am\u00e9rica Latina en la contemporaneidad. El proyecto propone considerar la inserci\u00f3n de estos Estados en la pol\u00edtica internacional en un contexto de cambios estructurales globales emergentes en el nuevo milenio. La planificaci\u00f3n de sus actividades comenz\u00f3 en 2023, en el \u00e1mbito de una convocatoria de incentivos a la investigaci\u00f3n de la Pontificia Universidad Cat\u00f3lica de Minas Gerais (PUC Minas), cuyo renombrado Departamento de Relaciones Internacionales alberga el Observatorio. En 2024 se lanza el portal Ruslat, con datos reunidos inicialmente sobre las relaciones entre Rusia y Brasil, Venezuela, M\u00e9xico, Chile y Colombia. El plan es ampliar las actividades a todos los Estados latinoamericanos en los pr\u00f3ximos a\u00f1os.    <\/p>\n<p>La iniciativa opera en tres frentes. Con el fin de reunir datos cualificados sobre las relaciones entre Rusia y Am\u00e9rica Latina, el portal Ruslat ofrece una base de datos sobre las dimensiones pol\u00edtica, econ\u00f3mica, cultural y de defensa y seguridad internacional de las interacciones entre estos Estados. Los datos se presentan mediante tablas y visuales interactivos desde 1991 y se actualizan anualmente. El segundo \u00e1mbito de actuaci\u00f3n se centra en poner a disposici\u00f3n del p\u00fablico los informes de investigaci\u00f3n de los investigadores de Ruslat, con an\u00e1lisis elaborados a partir de la informaci\u00f3n organizada en la base de datos.   <\/p>\n<p>Por fin, el portal Ruslat se presenta como un espacio de referencia para la recopilaci\u00f3n y divulgaci\u00f3n de noticias, eventos y material bibliogr\u00e1fico sobre las relaciones entre Rusia y Am\u00e9rica Latina.<\/p>\n\t\t\t\t\t\t\t\t<\/div>\n\t\t\t\t<\/div>\n\t\t\t\t\t<\/div>\n\t\t\t\t<\/div>\n\t\t\t\t<\/div>\n\t\t","protected":false},"excerpt":{"rendered":"<p>El Observatorio Rusia-Am\u00e9rica Latina (Ruslat) pretende ser un centro de referencia para el estudio de las relaciones entre Rusia y Am\u00e9rica Latina en la contemporaneidad. El proyecto propone considerar la inserci\u00f3n de estos Estados en la pol\u00edtica internacional en un contexto de cambios estructurales globales emergentes en el nuevo milenio. La planificaci\u00f3n de sus actividades [&hellip;]<\/p>\n","protected":false},"author":1,"featured_media":0,"parent":0,"menu_order":0,"comment_status":"closed","ping_status":"closed","template":"","meta":{"_acf_changed":false,"_eb_attr":"","footnotes":""},"class_list":["post-1534","page","type-page","status-publish","hentry"],"acf":[],"yoast_head":"<!-- This site is optimized with the Yoast SEO plugin v27.5 - https:\/\/yoast.com\/product\/yoast-seo-wordpress\/ -->\n<title>Acerca de - Observat\u00f3rio R\u00fassia-Am\u00e9rica Latina<\/title>\n<meta name=\"robots\" content=\"index, follow, max-snippet:-1, max-image-preview:large, max-video-preview:-1\" \/>\n<link rel=\"canonical\" href=\"https:\/\/ruslat.com.br\/es\/index.php\/acerca-de\/\" \/>\n<meta property=\"og:locale\" content=\"es_ES\" \/>\n<meta property=\"og:type\" content=\"article\" \/>\n<meta property=\"og:title\" content=\"Acerca de - Observat\u00f3rio R\u00fassia-Am\u00e9rica Latina\" \/>\n<meta property=\"og:description\" content=\"El Observatorio Rusia-Am\u00e9rica Latina (Ruslat) pretende ser un centro de referencia para el estudio de las relaciones entre Rusia y Am\u00e9rica Latina en la contemporaneidad. El proyecto propone considerar la inserci\u00f3n de estos Estados en la pol\u00edtica internacional en un contexto de cambios estructurales globales emergentes en el nuevo milenio. La planificaci\u00f3n de sus actividades [&hellip;]\" \/>\n<meta property=\"og:url\" content=\"https:\/\/ruslat.com.br\/es\/index.php\/acerca-de\/\" \/>\n<meta property=\"og:site_name\" content=\"Observat\u00f3rio R\u00fassia-Am\u00e9rica Latina\" \/>\n<meta property=\"article:modified_time\" content=\"2024-06-12T06:32:56+00:00\" \/>\n<meta name=\"twitter:card\" content=\"summary_large_image\" \/>\n<meta name=\"twitter:label1\" content=\"Tiempo de lectura\" \/>\n\t<meta name=\"twitter:data1\" content=\"1 minuto\" \/>\n<script type=\"application\/ld+json\" class=\"yoast-schema-graph\">{\"@context\":\"https:\\\/\\\/schema.org\",\"@graph\":[{\"@type\":\"WebPage\",\"@id\":\"https:\\\/\\\/ruslat.com.br\\\/es\\\/index.php\\\/acerca-de\\\/\",\"url\":\"https:\\\/\\\/ruslat.com.br\\\/es\\\/index.php\\\/acerca-de\\\/\",\"name\":\"Acerca de - Observat\u00f3rio R\u00fassia-Am\u00e9rica Latina\",\"isPartOf\":{\"@id\":\"https:\\\/\\\/ruslat.com.br\\\/#website\"},\"datePublished\":\"2023-12-11T03:57:01+00:00\",\"dateModified\":\"2024-06-12T06:32:56+00:00\",\"breadcrumb\":{\"@id\":\"https:\\\/\\\/ruslat.com.br\\\/es\\\/index.php\\\/acerca-de\\\/#breadcrumb\"},\"inLanguage\":\"es\",\"potentialAction\":[{\"@type\":\"ReadAction\",\"target\":[\"https:\\\/\\\/ruslat.com.br\\\/es\\\/index.php\\\/acerca-de\\\/\"]}]},{\"@type\":\"BreadcrumbList\",\"@id\":\"https:\\\/\\\/ruslat.com.br\\\/es\\\/index.php\\\/acerca-de\\\/#breadcrumb\",\"itemListElement\":[{\"@type\":\"ListItem\",\"position\":1,\"name\":\"In\u00edcio\",\"item\":\"https:\\\/\\\/ruslat.com.br\\\/es\\\/\"},{\"@type\":\"ListItem\",\"position\":2,\"name\":\"Acerca de\"}]},{\"@type\":\"WebSite\",\"@id\":\"https:\\\/\\\/ruslat.com.br\\\/#website\",\"url\":\"https:\\\/\\\/ruslat.com.br\\\/\",\"name\":\"Observat\u00f3rio R\u00fassia-Am\u00e9rica Latina\",\"description\":\"\",\"potentialAction\":[{\"@type\":\"SearchAction\",\"target\":{\"@type\":\"EntryPoint\",\"urlTemplate\":\"https:\\\/\\\/ruslat.com.br\\\/?s={search_term_string}\"},\"query-input\":{\"@type\":\"PropertyValueSpecification\",\"valueRequired\":true,\"valueName\":\"search_term_string\"}}],\"inLanguage\":\"es\"}]}<\/script>\n<!-- \/ Yoast SEO plugin. -->","yoast_head_json":{"title":"Acerca de - Observat\u00f3rio R\u00fassia-Am\u00e9rica Latina","robots":{"index":"index","follow":"follow","max-snippet":"max-snippet:-1","max-image-preview":"max-image-preview:large","max-video-preview":"max-video-preview:-1"},"canonical":"https:\/\/ruslat.com.br\/es\/index.php\/acerca-de\/","og_locale":"es_ES","og_type":"article","og_title":"Acerca de - Observat\u00f3rio R\u00fassia-Am\u00e9rica Latina","og_description":"El Observatorio Rusia-Am\u00e9rica Latina (Ruslat) pretende ser un centro de referencia para el estudio de las relaciones entre Rusia y Am\u00e9rica Latina en la contemporaneidad. El proyecto propone considerar la inserci\u00f3n de estos Estados en la pol\u00edtica internacional en un contexto de cambios estructurales globales emergentes en el nuevo milenio. La planificaci\u00f3n de sus actividades [&hellip;]","og_url":"https:\/\/ruslat.com.br\/es\/index.php\/acerca-de\/","og_site_name":"Observat\u00f3rio R\u00fassia-Am\u00e9rica Latina","article_modified_time":"2024-06-12T06:32:56+00:00","twitter_card":"summary_large_image","twitter_misc":{"Tiempo de lectura":"1 minuto"},"schema":{"@context":"https:\/\/schema.org","@graph":[{"@type":"WebPage","@id":"https:\/\/ruslat.com.br\/es\/index.php\/acerca-de\/","url":"https:\/\/ruslat.com.br\/es\/index.php\/acerca-de\/","name":"Acerca de - Observat\u00f3rio R\u00fassia-Am\u00e9rica Latina","isPartOf":{"@id":"https:\/\/ruslat.com.br\/#website"},"datePublished":"2023-12-11T03:57:01+00:00","dateModified":"2024-06-12T06:32:56+00:00","breadcrumb":{"@id":"https:\/\/ruslat.com.br\/es\/index.php\/acerca-de\/#breadcrumb"},"inLanguage":"es","potentialAction":[{"@type":"ReadAction","target":["https:\/\/ruslat.com.br\/es\/index.php\/acerca-de\/"]}]},{"@type":"BreadcrumbList","@id":"https:\/\/ruslat.com.br\/es\/index.php\/acerca-de\/#breadcrumb","itemListElement":[{"@type":"ListItem","position":1,"name":"In\u00edcio","item":"https:\/\/ruslat.com.br\/es\/"},{"@type":"ListItem","position":2,"name":"Acerca de"}]},{"@type":"WebSite","@id":"https:\/\/ruslat.com.br\/#website","url":"https:\/\/ruslat.com.br\/","name":"Observat\u00f3rio R\u00fassia-Am\u00e9rica Latina","description":"","potentialAction":[{"@type":"SearchAction","target":{"@type":"EntryPoint","urlTemplate":"https:\/\/ruslat.com.br\/?s={search_term_string}"},"query-input":{"@type":"PropertyValueSpecification","valueRequired":true,"valueName":"search_term_string"}}],"inLanguage":"es"}]}},"jetpack_sharing_enabled":true,"_links":{"self":[{"href":"https:\/\/ruslat.com.br\/es\/index.php\/wp-json\/wp\/v2\/pages\/1534","targetHints":{"allow":["GET"]}}],"collection":[{"href":"https:\/\/ruslat.com.br\/es\/index.php\/wp-json\/wp\/v2\/pages"}],"about":[{"href":"https:\/\/ruslat.com.br\/es\/index.php\/wp-json\/wp\/v2\/types\/page"}],"author":[{"embeddable":true,"href":"https:\/\/ruslat.com.br\/es\/index.php\/wp-json\/wp\/v2\/users\/1"}],"replies":[{"embeddable":true,"href":"https:\/\/ruslat.com.br\/es\/index.php\/wp-json\/wp\/v2\/comments?post=1534"}],"version-history":[{"count":1,"href":"https:\/\/ruslat.com.br\/es\/index.php\/wp-json\/wp\/v2\/pages\/1534\/revisions"}],"predecessor-version":[{"id":1535,"href":"https:\/\/ruslat.com.br\/es\/index.php\/wp-json\/wp\/v2\/pages\/1534\/revisions\/1535"}],"wp:attachment":[{"href":"https:\/\/ruslat.com.br\/es\/index.php\/wp-json\/wp\/v2\/media?parent=1534"}],"curies":[{"name":"wp","href":"https:\/\/api.w.org\/{rel}","templated":true}]}}