{"id":11767,"date":"2025-10-23T11:33:37","date_gmt":"2025-10-23T14:33:37","guid":{"rendered":"https:\/\/ruslat.com.br\/index.php\/colaboradores\/"},"modified":"2025-11-04T22:48:45","modified_gmt":"2025-11-05T01:48:45","slug":"colaboradores","status":"publish","type":"page","link":"https:\/\/ruslat.com.br\/es\/index.php\/colaboradores\/","title":{"rendered":"Colaboradores"},"content":{"rendered":"\t\t<div data-elementor-type=\"wp-page\" data-elementor-id=\"11767\" class=\"elementor elementor-11767 elementor-11747\" data-elementor-post-type=\"page\">\n\t\t\t\t<div data-particle_enable=\"false\" data-particle-mobile-disabled=\"false\" class=\"elementor-element elementor-element-20781b46 e-flex e-con-boxed e-con e-parent\" data-id=\"20781b46\" data-element_type=\"container\">\n\t\t\t\t\t<div class=\"e-con-inner\">\n\t\t\t\t<div class=\"elementor-element elementor-element-88f7215 elementor-widget elementor-widget-heading\" data-id=\"88f7215\" data-element_type=\"widget\" data-widget_type=\"heading.default\">\n\t\t\t\t<div class=\"elementor-widget-container\">\n\t\t\t\t\t<h3 class=\"elementor-heading-title elementor-size-default\">Blog \u041d\u0430\u0443\u043a\u043e\u0437\u0430\u0446\u0438\u044f (Naukozaciya)<\/h3>\t\t\t\t<\/div>\n\t\t\t\t<\/div>\n\t\t\t\t<div class=\"elementor-element elementor-element-70a36826 elementor-widget elementor-widget-text-editor\" data-id=\"70a36826\" data-element_type=\"widget\" data-widget_type=\"text-editor.default\">\n\t\t\t\t<div class=\"elementor-widget-container\">\n\t\t\t\t\t\t\t\t\t<p>Web: <a href=\"https:\/\/naukozaciya.com\">https:\/\/naukozaciya.com<\/a><\/p><p>El blog \u201c<strong>\u041d\u0430\u0443\u043a\u043e\u0437\u0430\u0446\u0438\u044f (Naukozaciya)<\/strong>\u201d es una plataforma rusa fundada por la profesora Ekaterina Kosevich, doctora en Ciencias Pol\u00edticas , dedicada a discutir los desaf\u00edos y oportunidades de la carrera cient\u00edfica en la Rusia contempor\u00e1nea. El sitio web re\u00fane reflexiones y relatos de experiencia a respecto de c\u00f3mo j\u00f3venes investigadores acad\u00e9micos pueden desarrollar trayectorias exitosas, tratando tanto de casos de logro bien c\u00f3mo de fracaso en el campo acad\u00e9mico. Adem\u00e1s de ofrecer consejos pr\u00e1cticos y an\u00e1lisis acerca del funcionamiento de las instituciones cient\u00edficas rusas, el blog a\u00fan difunde textos analiticos relacionados a temas pol\u00edticos, juridicos, econ\u00f3micos e hist\u00f3ricos, funcionando como un espacio de intercambio intelectual destinado a la reflexi\u00f3n cr\u00edtica a respecto de la ciencia y sociedad en Rusia y en los paises en America Latina.   <\/p><p>La Prof. Ekaterina particip\u00f3 en el programa del Jornal GGN en YouTube junto con RUSLAT. Mira a continuaci\u00f3n:<\/p>\t\t\t\t\t\t\t\t<\/div>\n\t\t\t\t<\/div>\n\t\t\t\t<div class=\"elementor-element elementor-element-9b8b1de elementor-widget elementor-widget-video\" data-id=\"9b8b1de\" data-element_type=\"widget\" data-settings=\"{&quot;youtube_url&quot;:&quot;https:\\\/\\\/www.youtube.com\\\/watch?v=k3sMjpxTAuE&quot;,&quot;video_type&quot;:&quot;youtube&quot;,&quot;controls&quot;:&quot;yes&quot;}\" data-widget_type=\"video.default\">\n\t\t\t\t<div class=\"elementor-widget-container\">\n\t\t\t\t\t\t\t<div class=\"elementor-wrapper elementor-open-inline\">\n\t\t\t<div class=\"elementor-video\"><\/div>\t\t<\/div>\n\t\t\t\t\t\t<\/div>\n\t\t\t\t<\/div>\n\t\t\t\t\t<\/div>\n\t\t\t\t<\/div>\n\t\t\t\t<\/div>\n\t\t","protected":false},"excerpt":{"rendered":"<p>Blog \u041d\u0430\u0443\u043a\u043e\u0437\u0430\u0446\u0438\u044f (Naukozaciya) Web: https:\/\/naukozaciya.com El blog \u201c\u041d\u0430\u0443\u043a\u043e\u0437\u0430\u0446\u0438\u044f (Naukozaciya)\u201d es una plataforma rusa fundada por la profesora Ekaterina Kosevich, doctora en Ciencias Pol\u00edticas , dedicada a discutir los desaf\u00edos y oportunidades de la carrera cient\u00edfica en la Rusia contempor\u00e1nea. El sitio web re\u00fane reflexiones y relatos de experiencia a respecto de c\u00f3mo j\u00f3venes investigadores acad\u00e9micos [&hellip;]<\/p>\n","protected":false},"author":1,"featured_media":0,"parent":0,"menu_order":0,"comment_status":"closed","ping_status":"closed","template":"","meta":{"_acf_changed":false,"_eb_attr":"","footnotes":""},"class_list":["post-11767","page","type-page","status-publish","hentry"],"acf":[],"yoast_head":"<!-- This site is optimized with the Yoast SEO plugin v27.5 - https:\/\/yoast.com\/product\/yoast-seo-wordpress\/ -->\n<title>Colaboradores - Observat\u00f3rio R\u00fassia-Am\u00e9rica Latina<\/title>\n<meta name=\"robots\" content=\"index, follow, max-snippet:-1, max-image-preview:large, max-video-preview:-1\" \/>\n<link rel=\"canonical\" href=\"https:\/\/ruslat.com.br\/es\/index.php\/colaboradores\/\" \/>\n<meta property=\"og:locale\" content=\"es_ES\" \/>\n<meta property=\"og:type\" content=\"article\" \/>\n<meta property=\"og:title\" content=\"Colaboradores - Observat\u00f3rio R\u00fassia-Am\u00e9rica Latina\" \/>\n<meta property=\"og:description\" content=\"Blog \u041d\u0430\u0443\u043a\u043e\u0437\u0430\u0446\u0438\u044f (Naukozaciya) Web: https:\/\/naukozaciya.com El blog \u201c\u041d\u0430\u0443\u043a\u043e\u0437\u0430\u0446\u0438\u044f (Naukozaciya)\u201d es una plataforma rusa fundada por la profesora Ekaterina Kosevich, doctora en Ciencias Pol\u00edticas , dedicada a discutir los desaf\u00edos y oportunidades de la carrera cient\u00edfica en la Rusia contempor\u00e1nea. El sitio web re\u00fane reflexiones y relatos de experiencia a respecto de c\u00f3mo j\u00f3venes investigadores acad\u00e9micos [&hellip;]\" \/>\n<meta property=\"og:url\" content=\"https:\/\/ruslat.com.br\/es\/index.php\/colaboradores\/\" \/>\n<meta property=\"og:site_name\" content=\"Observat\u00f3rio R\u00fassia-Am\u00e9rica Latina\" \/>\n<meta property=\"article:modified_time\" content=\"2025-11-05T01:48:45+00:00\" \/>\n<meta name=\"twitter:card\" content=\"summary_large_image\" \/>\n<meta name=\"twitter:label1\" content=\"Tiempo de lectura\" \/>\n\t<meta name=\"twitter:data1\" content=\"1 minuto\" \/>\n<script type=\"application\/ld+json\" class=\"yoast-schema-graph\">{\"@context\":\"https:\\\/\\\/schema.org\",\"@graph\":[{\"@type\":\"WebPage\",\"@id\":\"https:\\\/\\\/ruslat.com.br\\\/es\\\/index.php\\\/colaboradores\\\/\",\"url\":\"https:\\\/\\\/ruslat.com.br\\\/es\\\/index.php\\\/colaboradores\\\/\",\"name\":\"Colaboradores - Observat\u00f3rio R\u00fassia-Am\u00e9rica Latina\",\"isPartOf\":{\"@id\":\"https:\\\/\\\/ruslat.com.br\\\/#website\"},\"datePublished\":\"2025-10-23T14:33:37+00:00\",\"dateModified\":\"2025-11-05T01:48:45+00:00\",\"breadcrumb\":{\"@id\":\"https:\\\/\\\/ruslat.com.br\\\/es\\\/index.php\\\/colaboradores\\\/#breadcrumb\"},\"inLanguage\":\"es\",\"potentialAction\":[{\"@type\":\"ReadAction\",\"target\":[\"https:\\\/\\\/ruslat.com.br\\\/es\\\/index.php\\\/colaboradores\\\/\"]}]},{\"@type\":\"BreadcrumbList\",\"@id\":\"https:\\\/\\\/ruslat.com.br\\\/es\\\/index.php\\\/colaboradores\\\/#breadcrumb\",\"itemListElement\":[{\"@type\":\"ListItem\",\"position\":1,\"name\":\"In\u00edcio\",\"item\":\"https:\\\/\\\/ruslat.com.br\\\/es\\\/\"},{\"@type\":\"ListItem\",\"position\":2,\"name\":\"Colaboradores\"}]},{\"@type\":\"WebSite\",\"@id\":\"https:\\\/\\\/ruslat.com.br\\\/#website\",\"url\":\"https:\\\/\\\/ruslat.com.br\\\/\",\"name\":\"Observat\u00f3rio R\u00fassia-Am\u00e9rica Latina\",\"description\":\"\",\"potentialAction\":[{\"@type\":\"SearchAction\",\"target\":{\"@type\":\"EntryPoint\",\"urlTemplate\":\"https:\\\/\\\/ruslat.com.br\\\/?s={search_term_string}\"},\"query-input\":{\"@type\":\"PropertyValueSpecification\",\"valueRequired\":true,\"valueName\":\"search_term_string\"}}],\"inLanguage\":\"es\"}]}<\/script>\n<!-- \/ Yoast SEO plugin. -->","yoast_head_json":{"title":"Colaboradores - Observat\u00f3rio R\u00fassia-Am\u00e9rica Latina","robots":{"index":"index","follow":"follow","max-snippet":"max-snippet:-1","max-image-preview":"max-image-preview:large","max-video-preview":"max-video-preview:-1"},"canonical":"https:\/\/ruslat.com.br\/es\/index.php\/colaboradores\/","og_locale":"es_ES","og_type":"article","og_title":"Colaboradores - Observat\u00f3rio R\u00fassia-Am\u00e9rica Latina","og_description":"Blog \u041d\u0430\u0443\u043a\u043e\u0437\u0430\u0446\u0438\u044f (Naukozaciya) Web: https:\/\/naukozaciya.com El blog \u201c\u041d\u0430\u0443\u043a\u043e\u0437\u0430\u0446\u0438\u044f (Naukozaciya)\u201d es una plataforma rusa fundada por la profesora Ekaterina Kosevich, doctora en Ciencias Pol\u00edticas , dedicada a discutir los desaf\u00edos y oportunidades de la carrera cient\u00edfica en la Rusia contempor\u00e1nea. El sitio web re\u00fane reflexiones y relatos de experiencia a respecto de c\u00f3mo j\u00f3venes investigadores acad\u00e9micos [&hellip;]","og_url":"https:\/\/ruslat.com.br\/es\/index.php\/colaboradores\/","og_site_name":"Observat\u00f3rio R\u00fassia-Am\u00e9rica Latina","article_modified_time":"2025-11-05T01:48:45+00:00","twitter_card":"summary_large_image","twitter_misc":{"Tiempo de lectura":"1 minuto"},"schema":{"@context":"https:\/\/schema.org","@graph":[{"@type":"WebPage","@id":"https:\/\/ruslat.com.br\/es\/index.php\/colaboradores\/","url":"https:\/\/ruslat.com.br\/es\/index.php\/colaboradores\/","name":"Colaboradores - Observat\u00f3rio R\u00fassia-Am\u00e9rica Latina","isPartOf":{"@id":"https:\/\/ruslat.com.br\/#website"},"datePublished":"2025-10-23T14:33:37+00:00","dateModified":"2025-11-05T01:48:45+00:00","breadcrumb":{"@id":"https:\/\/ruslat.com.br\/es\/index.php\/colaboradores\/#breadcrumb"},"inLanguage":"es","potentialAction":[{"@type":"ReadAction","target":["https:\/\/ruslat.com.br\/es\/index.php\/colaboradores\/"]}]},{"@type":"BreadcrumbList","@id":"https:\/\/ruslat.com.br\/es\/index.php\/colaboradores\/#breadcrumb","itemListElement":[{"@type":"ListItem","position":1,"name":"In\u00edcio","item":"https:\/\/ruslat.com.br\/es\/"},{"@type":"ListItem","position":2,"name":"Colaboradores"}]},{"@type":"WebSite","@id":"https:\/\/ruslat.com.br\/#website","url":"https:\/\/ruslat.com.br\/","name":"Observat\u00f3rio R\u00fassia-Am\u00e9rica Latina","description":"","potentialAction":[{"@type":"SearchAction","target":{"@type":"EntryPoint","urlTemplate":"https:\/\/ruslat.com.br\/?s={search_term_string}"},"query-input":{"@type":"PropertyValueSpecification","valueRequired":true,"valueName":"search_term_string"}}],"inLanguage":"es"}]}},"jetpack_sharing_enabled":true,"_links":{"self":[{"href":"https:\/\/ruslat.com.br\/es\/index.php\/wp-json\/wp\/v2\/pages\/11767","targetHints":{"allow":["GET"]}}],"collection":[{"href":"https:\/\/ruslat.com.br\/es\/index.php\/wp-json\/wp\/v2\/pages"}],"about":[{"href":"https:\/\/ruslat.com.br\/es\/index.php\/wp-json\/wp\/v2\/types\/page"}],"author":[{"embeddable":true,"href":"https:\/\/ruslat.com.br\/es\/index.php\/wp-json\/wp\/v2\/users\/1"}],"replies":[{"embeddable":true,"href":"https:\/\/ruslat.com.br\/es\/index.php\/wp-json\/wp\/v2\/comments?post=11767"}],"version-history":[{"count":7,"href":"https:\/\/ruslat.com.br\/es\/index.php\/wp-json\/wp\/v2\/pages\/11767\/revisions"}],"predecessor-version":[{"id":13011,"href":"https:\/\/ruslat.com.br\/es\/index.php\/wp-json\/wp\/v2\/pages\/11767\/revisions\/13011"}],"wp:attachment":[{"href":"https:\/\/ruslat.com.br\/es\/index.php\/wp-json\/wp\/v2\/media?parent=11767"}],"curies":[{"name":"wp","href":"https:\/\/api.w.org\/{rel}","templated":true}]}}