{"id":11765,"date":"2025-10-23T11:33:37","date_gmt":"2025-10-23T14:33:37","guid":{"rendered":"https:\/\/ruslat.com.br\/index.php\/partners\/"},"modified":"2025-11-04T22:51:14","modified_gmt":"2025-11-05T01:51:14","slug":"partners","status":"publish","type":"page","link":"https:\/\/ruslat.com.br\/en\/index.php\/partners\/","title":{"rendered":"Partners"},"content":{"rendered":"\t\t<div data-elementor-type=\"wp-page\" data-elementor-id=\"11765\" class=\"elementor elementor-11765 elementor-11747\" data-elementor-post-type=\"page\">\n\t\t\t\t<div data-particle_enable=\"false\" data-particle-mobile-disabled=\"false\" class=\"elementor-element elementor-element-20781b46 e-flex e-con-boxed e-con e-parent\" data-id=\"20781b46\" data-element_type=\"container\">\n\t\t\t\t\t<div class=\"e-con-inner\">\n\t\t\t\t<div class=\"elementor-element elementor-element-88f7215 elementor-widget elementor-widget-heading\" data-id=\"88f7215\" data-element_type=\"widget\" data-widget_type=\"heading.default\">\n\t\t\t\t<div class=\"elementor-widget-container\">\n\t\t\t\t\t<h3 class=\"elementor-heading-title elementor-size-default\">Blog \u041d\u0430\u0443\u043a\u043e\u0437\u0430\u0446\u0438\u044f (Naukozaciya)<\/h3>\t\t\t\t<\/div>\n\t\t\t\t<\/div>\n\t\t\t\t<div class=\"elementor-element elementor-element-70a36826 elementor-widget elementor-widget-text-editor\" data-id=\"70a36826\" data-element_type=\"widget\" data-widget_type=\"text-editor.default\">\n\t\t\t\t<div class=\"elementor-widget-container\">\n\t\t\t\t\t\t\t\t\t<p>Website: <a href=\"https:\/\/naukozaciya.com\">https:\/\/naukozaciya.com<\/a><\/p><p>The blog \u201c<strong>\u041d\u0430\u0443\u043a\u043e\u0437\u0430\u0446\u0438\u044f (Naukozaciya)<\/strong>\u201d is a russian platform created by professor Ekaterina Kosevich, doctor in Political Sciences, dedicated to discussing challenges and opportunities of the scientific career in contemporary Russia. The website gathers reflections and reports of experiences about how young researchers can develop successful trajectories, encompassing cases of failure and achievement in the academic field. Besides offering practical advice and analysis about the functioning of Russian scientific institutions, the blog also shares analytical texts related to political, juridical, economical and historical themes, functioning as a space for intellectual exchange geared towards critical reflection about science and society in Russia and in the Latin American countries in actuality.   <\/p><p>Professor Ekaterina took part in the Jornal GGN program on YouTube together with RUSLAT. Check it out below:<\/p>\t\t\t\t\t\t\t\t<\/div>\n\t\t\t\t<\/div>\n\t\t\t\t<div class=\"elementor-element elementor-element-9b8b1de elementor-widget elementor-widget-video\" data-id=\"9b8b1de\" data-element_type=\"widget\" data-settings=\"{&quot;youtube_url&quot;:&quot;https:\\\/\\\/www.youtube.com\\\/watch?v=k3sMjpxTAuE&quot;,&quot;video_type&quot;:&quot;youtube&quot;,&quot;controls&quot;:&quot;yes&quot;}\" data-widget_type=\"video.default\">\n\t\t\t\t<div class=\"elementor-widget-container\">\n\t\t\t\t\t\t\t<div class=\"elementor-wrapper elementor-open-inline\">\n\t\t\t<div class=\"elementor-video\"><\/div>\t\t<\/div>\n\t\t\t\t\t\t<\/div>\n\t\t\t\t<\/div>\n\t\t\t\t\t<\/div>\n\t\t\t\t<\/div>\n\t\t\t\t<\/div>\n\t\t","protected":false},"excerpt":{"rendered":"<p>Blog \u041d\u0430\u0443\u043a\u043e\u0437\u0430\u0446\u0438\u044f (Naukozaciya) Website: https:\/\/naukozaciya.com The blog \u201c\u041d\u0430\u0443\u043a\u043e\u0437\u0430\u0446\u0438\u044f (Naukozaciya)\u201d is a russian platform created by professor Ekaterina Kosevich, doctor in Political Sciences, dedicated to discussing challenges and opportunities of the scientific career in contemporary Russia. The website gathers reflections and reports of experiences about how young researchers can develop successful trajectories, encompassing cases of failure [&hellip;]<\/p>\n","protected":false},"author":1,"featured_media":0,"parent":0,"menu_order":0,"comment_status":"closed","ping_status":"closed","template":"","meta":{"_acf_changed":false,"_eb_attr":"","footnotes":""},"class_list":["post-11765","page","type-page","status-publish","hentry"],"acf":[],"yoast_head":"<!-- This site is optimized with the Yoast SEO plugin v27.5 - https:\/\/yoast.com\/product\/yoast-seo-wordpress\/ -->\n<title>Partners - Observat\u00f3rio R\u00fassia-Am\u00e9rica Latina<\/title>\n<meta name=\"robots\" content=\"index, follow, max-snippet:-1, max-image-preview:large, max-video-preview:-1\" \/>\n<link rel=\"canonical\" href=\"https:\/\/ruslat.com.br\/en\/index.php\/partners\/\" \/>\n<meta property=\"og:locale\" content=\"en_US\" \/>\n<meta property=\"og:type\" content=\"article\" \/>\n<meta property=\"og:title\" content=\"Partners - Observat\u00f3rio R\u00fassia-Am\u00e9rica Latina\" \/>\n<meta property=\"og:description\" content=\"Blog \u041d\u0430\u0443\u043a\u043e\u0437\u0430\u0446\u0438\u044f (Naukozaciya) Website: https:\/\/naukozaciya.com The blog \u201c\u041d\u0430\u0443\u043a\u043e\u0437\u0430\u0446\u0438\u044f (Naukozaciya)\u201d is a russian platform created by professor Ekaterina Kosevich, doctor in Political Sciences, dedicated to discussing challenges and opportunities of the scientific career in contemporary Russia. The website gathers reflections and reports of experiences about how young researchers can develop successful trajectories, encompassing cases of failure [&hellip;]\" \/>\n<meta property=\"og:url\" content=\"https:\/\/ruslat.com.br\/en\/index.php\/partners\/\" \/>\n<meta property=\"og:site_name\" content=\"Observat\u00f3rio R\u00fassia-Am\u00e9rica Latina\" \/>\n<meta property=\"article:modified_time\" content=\"2025-11-05T01:51:14+00:00\" \/>\n<meta name=\"twitter:card\" content=\"summary_large_image\" \/>\n<meta name=\"twitter:label1\" content=\"Est. reading time\" \/>\n\t<meta name=\"twitter:data1\" content=\"1 minute\" \/>\n<script type=\"application\/ld+json\" class=\"yoast-schema-graph\">{\"@context\":\"https:\\\/\\\/schema.org\",\"@graph\":[{\"@type\":\"WebPage\",\"@id\":\"https:\\\/\\\/ruslat.com.br\\\/en\\\/index.php\\\/partners\\\/\",\"url\":\"https:\\\/\\\/ruslat.com.br\\\/en\\\/index.php\\\/partners\\\/\",\"name\":\"Partners - Observat\u00f3rio R\u00fassia-Am\u00e9rica Latina\",\"isPartOf\":{\"@id\":\"https:\\\/\\\/ruslat.com.br\\\/#website\"},\"datePublished\":\"2025-10-23T14:33:37+00:00\",\"dateModified\":\"2025-11-05T01:51:14+00:00\",\"breadcrumb\":{\"@id\":\"https:\\\/\\\/ruslat.com.br\\\/en\\\/index.php\\\/partners\\\/#breadcrumb\"},\"inLanguage\":\"en-US\",\"potentialAction\":[{\"@type\":\"ReadAction\",\"target\":[\"https:\\\/\\\/ruslat.com.br\\\/en\\\/index.php\\\/partners\\\/\"]}]},{\"@type\":\"BreadcrumbList\",\"@id\":\"https:\\\/\\\/ruslat.com.br\\\/en\\\/index.php\\\/partners\\\/#breadcrumb\",\"itemListElement\":[{\"@type\":\"ListItem\",\"position\":1,\"name\":\"In\u00edcio\",\"item\":\"https:\\\/\\\/ruslat.com.br\\\/en\\\/\"},{\"@type\":\"ListItem\",\"position\":2,\"name\":\"Partners\"}]},{\"@type\":\"WebSite\",\"@id\":\"https:\\\/\\\/ruslat.com.br\\\/#website\",\"url\":\"https:\\\/\\\/ruslat.com.br\\\/\",\"name\":\"Observat\u00f3rio R\u00fassia-Am\u00e9rica Latina\",\"description\":\"\",\"potentialAction\":[{\"@type\":\"SearchAction\",\"target\":{\"@type\":\"EntryPoint\",\"urlTemplate\":\"https:\\\/\\\/ruslat.com.br\\\/?s={search_term_string}\"},\"query-input\":{\"@type\":\"PropertyValueSpecification\",\"valueRequired\":true,\"valueName\":\"search_term_string\"}}],\"inLanguage\":\"en-US\"}]}<\/script>\n<!-- \/ Yoast SEO plugin. -->","yoast_head_json":{"title":"Partners - Observat\u00f3rio R\u00fassia-Am\u00e9rica Latina","robots":{"index":"index","follow":"follow","max-snippet":"max-snippet:-1","max-image-preview":"max-image-preview:large","max-video-preview":"max-video-preview:-1"},"canonical":"https:\/\/ruslat.com.br\/en\/index.php\/partners\/","og_locale":"en_US","og_type":"article","og_title":"Partners - Observat\u00f3rio R\u00fassia-Am\u00e9rica Latina","og_description":"Blog \u041d\u0430\u0443\u043a\u043e\u0437\u0430\u0446\u0438\u044f (Naukozaciya) Website: https:\/\/naukozaciya.com The blog \u201c\u041d\u0430\u0443\u043a\u043e\u0437\u0430\u0446\u0438\u044f (Naukozaciya)\u201d is a russian platform created by professor Ekaterina Kosevich, doctor in Political Sciences, dedicated to discussing challenges and opportunities of the scientific career in contemporary Russia. The website gathers reflections and reports of experiences about how young researchers can develop successful trajectories, encompassing cases of failure [&hellip;]","og_url":"https:\/\/ruslat.com.br\/en\/index.php\/partners\/","og_site_name":"Observat\u00f3rio R\u00fassia-Am\u00e9rica Latina","article_modified_time":"2025-11-05T01:51:14+00:00","twitter_card":"summary_large_image","twitter_misc":{"Est. reading time":"1 minute"},"schema":{"@context":"https:\/\/schema.org","@graph":[{"@type":"WebPage","@id":"https:\/\/ruslat.com.br\/en\/index.php\/partners\/","url":"https:\/\/ruslat.com.br\/en\/index.php\/partners\/","name":"Partners - Observat\u00f3rio R\u00fassia-Am\u00e9rica Latina","isPartOf":{"@id":"https:\/\/ruslat.com.br\/#website"},"datePublished":"2025-10-23T14:33:37+00:00","dateModified":"2025-11-05T01:51:14+00:00","breadcrumb":{"@id":"https:\/\/ruslat.com.br\/en\/index.php\/partners\/#breadcrumb"},"inLanguage":"en-US","potentialAction":[{"@type":"ReadAction","target":["https:\/\/ruslat.com.br\/en\/index.php\/partners\/"]}]},{"@type":"BreadcrumbList","@id":"https:\/\/ruslat.com.br\/en\/index.php\/partners\/#breadcrumb","itemListElement":[{"@type":"ListItem","position":1,"name":"In\u00edcio","item":"https:\/\/ruslat.com.br\/en\/"},{"@type":"ListItem","position":2,"name":"Partners"}]},{"@type":"WebSite","@id":"https:\/\/ruslat.com.br\/#website","url":"https:\/\/ruslat.com.br\/","name":"Observat\u00f3rio R\u00fassia-Am\u00e9rica Latina","description":"","potentialAction":[{"@type":"SearchAction","target":{"@type":"EntryPoint","urlTemplate":"https:\/\/ruslat.com.br\/?s={search_term_string}"},"query-input":{"@type":"PropertyValueSpecification","valueRequired":true,"valueName":"search_term_string"}}],"inLanguage":"en-US"}]}},"jetpack_sharing_enabled":true,"_links":{"self":[{"href":"https:\/\/ruslat.com.br\/en\/index.php\/wp-json\/wp\/v2\/pages\/11765","targetHints":{"allow":["GET"]}}],"collection":[{"href":"https:\/\/ruslat.com.br\/en\/index.php\/wp-json\/wp\/v2\/pages"}],"about":[{"href":"https:\/\/ruslat.com.br\/en\/index.php\/wp-json\/wp\/v2\/types\/page"}],"author":[{"embeddable":true,"href":"https:\/\/ruslat.com.br\/en\/index.php\/wp-json\/wp\/v2\/users\/1"}],"replies":[{"embeddable":true,"href":"https:\/\/ruslat.com.br\/en\/index.php\/wp-json\/wp\/v2\/comments?post=11765"}],"version-history":[{"count":4,"href":"https:\/\/ruslat.com.br\/en\/index.php\/wp-json\/wp\/v2\/pages\/11765\/revisions"}],"predecessor-version":[{"id":11780,"href":"https:\/\/ruslat.com.br\/en\/index.php\/wp-json\/wp\/v2\/pages\/11765\/revisions\/11780"}],"wp:attachment":[{"href":"https:\/\/ruslat.com.br\/en\/index.php\/wp-json\/wp\/v2\/media?parent=11765"}],"curies":[{"name":"wp","href":"https:\/\/api.w.org\/{rel}","templated":true}]}}